{"id":527,"date":"2025-09-24T20:40:21","date_gmt":"2025-09-24T20:40:21","guid":{"rendered":"https:\/\/elmensajebautista.com\/?page_id=527"},"modified":"2025-09-24T21:08:50","modified_gmt":"2025-09-24T21:08:50","slug":"reina-valera","status":"publish","type":"page","link":"https:\/\/elmensajebautista.com\/?page_id=527","title":{"rendered":"Reina-Valera"},"content":{"rendered":"<p>En esta secci\u00f3n veremos una defensa de la Reina-Valera, y por qu\u00e9 los Bautistas la defendemos. El \u00edndice de temas es el siguiente:<\/p>\n<ol>\n<li>Introducci\u00f3n a la Cr\u00edtica Textual<\/li>\n<\/ol>\n","protected":false},"excerpt":{"rendered":"<p>En esta secci\u00f3n veremos una defensa de la Reina-Valera, y por qu\u00e9 los Bautistas la defendemos. El \u00edndice de temas es el siguiente: Introducci\u00f3n a la Cr\u00edtica Textual<\/p>\n","protected":false},"author":1,"featured_media":0,"parent":0,"menu_order":8,"comment_status":"closed","ping_status":"closed","template":"","meta":{"footnotes":""},"class_list":["post-527","page","type-page","status-publish","hentry"],"_links":{"self":[{"href":"https:\/\/elmensajebautista.com\/index.php?rest_route=\/wp\/v2\/pages\/527","targetHints":{"allow":["GET"]}}],"collection":[{"href":"https:\/\/elmensajebautista.com\/index.php?rest_route=\/wp\/v2\/pages"}],"about":[{"href":"https:\/\/elmensajebautista.com\/index.php?rest_route=\/wp\/v2\/types\/page"}],"author":[{"embeddable":true,"href":"https:\/\/elmensajebautista.com\/index.php?rest_route=\/wp\/v2\/users\/1"}],"replies":[{"embeddable":true,"href":"https:\/\/elmensajebautista.com\/index.php?rest_route=%2Fwp%2Fv2%2Fcomments&post=527"}],"version-history":[{"count":1,"href":"https:\/\/elmensajebautista.com\/index.php?rest_route=\/wp\/v2\/pages\/527\/revisions"}],"predecessor-version":[{"id":528,"href":"https:\/\/elmensajebautista.com\/index.php?rest_route=\/wp\/v2\/pages\/527\/revisions\/528"}],"wp:attachment":[{"href":"https:\/\/elmensajebautista.com\/index.php?rest_route=%2Fwp%2Fv2%2Fmedia&parent=527"}],"curies":[{"name":"wp","href":"https:\/\/api.w.org\/{rel}","templated":true}]}}