{"id":457,"date":"2024-10-23T06:33:47","date_gmt":"2024-10-23T06:33:47","guid":{"rendered":"https:\/\/elmensajebautista.com\/?page_id=457"},"modified":"2024-10-23T06:33:47","modified_gmt":"2024-10-23T06:33:47","slug":"leccion-13-los-grupos-directivos","status":"publish","type":"page","link":"https:\/\/elmensajebautista.com\/?page_id=457","title":{"rendered":"Lecci\u00f3n 13: Los Grupos Directivos"},"content":{"rendered":"<p>Lecci\u00f3n 13<\/p>\n<h1>Los Grupos Directivos<\/h1>\n<p>En toda iglesia, desde que Jes\u00fas la fund\u00f3, siempre ha habido grupos directivos. <strong><em>No son \u201cministerio tal\u201d o \u201cministerio cual\u201d<\/em><\/strong>. Recordemos que solamente hay dos <strong>OFICIOS<\/strong> reconocidos en la Biblia: \u201cobispos y di\u00e1conos\u201d. Pero toda iglesia necesita de una funci\u00f3n integrada de dones para demostrar el Cuerpo de Cristo.<\/p>\n<h2>Los Otros Dones<\/h2>\n<p>Existen dones espec\u00edficos (Ap\u00f3stol, Profeta, Evangelista, Pastor-Maestro) que ya cumplieron su funci\u00f3n. Aparte de \u00e9stos, existen otros dones que se dan a toda la iglesia, y son mencionados en Romanos 12.<\/p>\n<ol>\n<li>Profec\u00eda. Ro. 12:6. El t\u00e9rmino griego se forma de dos palabras: <strong><em><u>pro<\/u><\/em><\/strong>, <em>delante<\/em>; <strong><em><u>femi<\/u><\/em><\/strong>, hablar: <em>Hablar delante<\/em>, y no se refiere a <em>predecir<\/em>, sino que se refiere a la declaraci\u00f3n de aquello que no puede ser conocido por medios naturales (Mt. 26:68), espec\u00edficamente como la proclamaci\u00f3n de la voluntad de Dios, tanto si es con referencia al pasado como al presente o al futuro (<em>v\u00e9anse<\/em> 20:7; Dt. 18:18; Ap. 10:11; 11:3). Es el \u00fanico don que se le especifica ser usado \u201cconforme a la medida de la fe\u201d, es decir, no hablar o no decir lo que Dios no ha dicho; es una llamada de atenci\u00f3n a mantenerse dentro de la revelaci\u00f3n de Dios, la Biblia.<\/li>\n<li>Ro. 12:7. El t\u00e9rmino griego es <em>diakon\u00eda<\/em>, de donde tenemos <em>di\u00e1cono<\/em>. En este contexto, es aquella persona dispuesta a servir, sea o no un di\u00e1cono ordenado. Es una acci\u00f3n espont\u00e1nea del don del Se\u00f1or. No se puede impedir <em>servir<\/em> a la iglesia.<\/li>\n<li>Ense\u00f1ar. Ro. 12:7. En griego es <em>did\u00e1sko<\/em>, \u201cel que instruye en doctrina\u201d. Se traduce \u201cense\u00f1ando\u201d en Mateo 4:23; 28:19-20; 1\u00aa Ti. 4:11.<\/li>\n<li>Ro. 12:8. En griego es <em>parakaleo<\/em>, y significa <em>consolar, confortar, animar, acompa\u00f1ar, proteger, amonestar, recibir. <\/em>No tiene la idea de <em>rega\u00f1ar<\/em>. El Esp\u00edritu Santo es el <strong><em>Parakletos<\/em><\/strong>, el que Consuela, que nos acompa\u00f1a para defendernos.<\/li>\n<li>Ro. 12:8. En griego es <em>metad\u00eddomi<\/em>, dar algo propio en beneficio de otro. Ro. 1:11. Esto se debe hacer con \u201cliberalidad\u201d, que en gr. Significa \u201ccon sencillez, dulzura, bondad\u201d.<\/li>\n<li>Ro. 12:8. Del griego <em>prostemi<\/em>, estar de pie dirigiendo. Puede ser en un culto, en una reuni\u00f3n, en un ministerio. Esto se debe hacer <em>con solicitud<\/em>, es decir, con diligencia, celo y dispuestamente.<\/li>\n<li>Ro. 12:8. Misericordia es <em>sentir empat\u00eda con la miseria ajena<\/em>, no es tener <em>l\u00e1stima<\/em>, porque la misericordia no solo tiene empat\u00eda sino que provee para aliviar la miseria. Por eso se debe hacer con <strong>alegr\u00eda<\/strong>.<\/li>\n<\/ol>\n<p>Los grupos directivos dentro de la iglesia local siempre tendr\u00e1n a una persona con alguno de estos dones. Aunque todos est\u00e1n sujetos a la direcci\u00f3n pastoral, son en s\u00ed mismos aut\u00f3nomos para servir a Cristo y hacer Su voluntad.<\/p>\n<p style=\"text-align: center;\">Lecci\u00f3n 12\u00a0 \u00a0 |\u00a0 \u00a0 Lecci\u00f3n 1412<\/p>\n","protected":false},"excerpt":{"rendered":"<p>Lecci\u00f3n 13 Los Grupos Directivos En toda iglesia, desde que Jes\u00fas la fund\u00f3, siempre ha habido grupos directivos. No son \u201cministerio tal\u201d o \u201cministerio cual\u201d. Recordemos que solamente hay dos OFICIOS reconocidos en la Biblia: \u201cobispos y di\u00e1conos\u201d. Pero toda iglesia necesita de una funci\u00f3n integrada de dones para demostrar el Cuerpo de Cristo. Los [&hellip;]<\/p>\n","protected":false},"author":1,"featured_media":0,"parent":269,"menu_order":12,"comment_status":"closed","ping_status":"closed","template":"","meta":{"footnotes":""},"class_list":["post-457","page","type-page","status-publish","hentry"],"_links":{"self":[{"href":"https:\/\/elmensajebautista.com\/index.php?rest_route=\/wp\/v2\/pages\/457","targetHints":{"allow":["GET"]}}],"collection":[{"href":"https:\/\/elmensajebautista.com\/index.php?rest_route=\/wp\/v2\/pages"}],"about":[{"href":"https:\/\/elmensajebautista.com\/index.php?rest_route=\/wp\/v2\/types\/page"}],"author":[{"embeddable":true,"href":"https:\/\/elmensajebautista.com\/index.php?rest_route=\/wp\/v2\/users\/1"}],"replies":[{"embeddable":true,"href":"https:\/\/elmensajebautista.com\/index.php?rest_route=%2Fwp%2Fv2%2Fcomments&post=457"}],"version-history":[{"count":1,"href":"https:\/\/elmensajebautista.com\/index.php?rest_route=\/wp\/v2\/pages\/457\/revisions"}],"predecessor-version":[{"id":458,"href":"https:\/\/elmensajebautista.com\/index.php?rest_route=\/wp\/v2\/pages\/457\/revisions\/458"}],"up":[{"embeddable":true,"href":"https:\/\/elmensajebautista.com\/index.php?rest_route=\/wp\/v2\/pages\/269"}],"wp:attachment":[{"href":"https:\/\/elmensajebautista.com\/index.php?rest_route=%2Fwp%2Fv2%2Fmedia&parent=457"}],"curies":[{"name":"wp","href":"https:\/\/api.w.org\/{rel}","templated":true}]}}