{"id":445,"date":"2024-10-23T06:19:44","date_gmt":"2024-10-23T06:19:44","guid":{"rendered":"https:\/\/elmensajebautista.com\/?page_id=445"},"modified":"2024-10-23T06:20:43","modified_gmt":"2024-10-23T06:20:43","slug":"445-2","status":"publish","type":"page","link":"https:\/\/elmensajebautista.com\/?page_id=445","title":{"rendered":"Lecci\u00f3n 10: El Pastorado"},"content":{"rendered":"<p><strong>SEGUNDA PARTE:\u00a0<\/strong><strong>DEFINIENDO EL PASTORADO Y EL DIACONADO<\/strong><\/p>\n<p><strong><em>1\u00aa Timoteo 3:1-7\u00a0<\/em><\/strong><strong><em>Y\u00a0<\/em><\/strong><strong><em>Tito 1:5-9<\/em><\/strong><\/p>\n<p>Lecci\u00f3n 10<\/p>\n<h1>Definici\u00f3n de T\u00e9rminos<\/h1>\n<p>Dos t\u00e9rminos son usados en la iglesia para referirse a sus funcionaros actualmente: <strong><em>pastor<\/em><\/strong> y <strong><em>di\u00e1conos<\/em><\/strong>.<\/p>\n<h2>Intercambio de t\u00e9rminos<\/h2>\n<ol>\n<li>Los pastores son llamados \u201cobispos\u201d (1\u00aa Ti. 3:1). \u201cObispo\u201d es quien es un <em>administrador<\/em> o sobreveedor de los bienes de otro.<\/li>\n<li>Los pastores son llamados \u201cancianos\u201d, como siendo parte de un grupo ministerial, pero sobre los <em>otros<\/em><\/li>\n<li>Los pastores son los encargados de \u201cestablecer\u201d a otros ministerios en la iglesia local, incluyendo a los \u201cobreros\u201d, \u201cmisioneros\u201d, \u201cdi\u00e1conos\u201d, etc.<\/li>\n<li>Los di\u00e1conos son \u201cservidores\u201d de la iglesia bajo la autoridad del pastor.<\/li>\n<li>Los di\u00e1conos son \u201celegidos\u201d por la congregaci\u00f3n local seg\u00fan las caracter\u00edsticas de Hechos 6, y deben ser aprobados por el pastor y ordenados por \u00e9l. Los ancianos escogidos por Mois\u00e9s son un buen ejemplo.<\/li>\n<\/ol>\n<h2>Resumen de Deberes<\/h2>\n<p>El comprender este concepto es importante si deseamos aplicar y ejercer adecuadamente cada uno de ellos. El pastor y los di\u00e1conos son los \u00fanicos oficios reconocidos por el Se\u00f1or en su Palabra (<em>vea <\/em>Fil. 1:1), por lo que los concilios, grupos o juntas no son los <em>oficiales<\/em> de la iglesia. Estos son parte de una organizaci\u00f3n humana, por lo que no pueden ser parte del gobierno de la iglesia, porque Dios design\u00f3 solamente dos oficiales sobre la iglesia: pastor y di\u00e1conos.<\/p>\n<p>&nbsp;<\/p>\n<p><em>Los pastores<\/em><\/p>\n<ol>\n<li>Los obispos (pastores) tiene que ser llenos del Esp\u00edritu Santo y tener una vida familiar ejemplar (1\u00aa Ti. 3:2-5).<\/li>\n<li>Las responsabilidades de este oficio son el predicar y\/o ense\u00f1ar, liderar, supervisar los asuntos espirituales de la iglesia, y pastorear las almas de aquellos que est\u00e1n bajo su cuidado (1\u00aa Tim. 3:5; 2\u00aa Tim.\u00a0 4:1-5; 1\u00aa P. 5:1-3).<\/li>\n<li>El principal llamado de un pastor es la predicaci\u00f3n y la ense\u00f1anza (1\u00aa Tim. 4:15-16; 2\u00aa Tim. 4:1-5) y la buena predicaci\u00f3n incluye tanto habilidad como el don espiritual.<\/li>\n<li>El pastoreo incluye, servir, predicar, aconsejar, y vivir una vida ejemplar para que otros la sigan (1\u00aa P. 5:3).<\/li>\n<li>El pastor es quien designa y elige a los pastores de las misiones (Tito 1:5).<\/li>\n<li>La iglesia y dem\u00e1s miembros deben obedecer a sus pastores (He. 13:17).<\/li>\n<li>Los pastores deben estar sujetos a la autoridad de la Palabra de Dios (1\u00aa Ti. 3:1-13). El pastor que no se sujeta <em>a la Escritura<\/em> no es digno de ser imitado ni retenido (3\u00aa Juan 9-12). El pastor solo puede ser \u201cacusado\u201d si hay dos o tres testigos (1\u00aa Ti. 5:19).<\/li>\n<li>El pastor debe reprender a los que pecan \u201cdelante de todos\u201d (1\u00aa Ti. 5:20).<\/li>\n<li>Los pastores se ordenan con imposici\u00f3n de manos por parte de un presbiterio. 1\u00aa Ti. 5:22.<\/li>\n<li>El pastor tiene la funci\u00f3n de defender la doctrina y predicar la verdad (Hch. 20:29-31).<\/li>\n<li>Aunque el pastor, ni los di\u00e1conos pueden expulsar a una persona adrede, sino solo la congregaci\u00f3n reunida (Mt. 18:17), el pastor puede ordenar a la iglesia hacer lo correcto (1\u00aa Cor. 5:5-4).<\/li>\n<li>La falta de sumisi\u00f3n en los miembros de la iglesia al pastor no solo es una problem\u00e1tica de la iglesia, sino tambi\u00e9n es espiritualmente da\u00f1ino para los miembros rebeldes de la iglesia (Heb. 13:17).<\/li>\n<\/ol>\n<p><strong><em>\u00a0<\/em><\/strong><strong><em>Los di\u00e1conos<\/em><\/strong><\/p>\n<ol>\n<li>Los di\u00e1conos de igual manera, son aquellos que tienen una vida personal y familiar ejemplar, acompa\u00f1ado con un coraz\u00f3n para servir al pueblo de Dios.<\/li>\n<li>Las responsabilidades de los di\u00e1conos tienen que ver con el llevar a cabo los asuntos pr\u00e1cticos de la iglesia y ministrar las necesidades f\u00edsicas de los santos (Hech. 6:3), y servir a los pastores en los asuntos de \u201clas mesas\u201d.<\/li>\n<\/ol>\n<p><img loading=\"lazy\" decoding=\"async\" class=\"wp-image-446 aligncenter\" src=\"https:\/\/elmensajebautista.com\/wp-content\/uploads\/2024\/10\/Requisitos-de-los-pastores-300x167.png\" alt=\"\" width=\"830\" height=\"462\" srcset=\"https:\/\/elmensajebautista.com\/wp-content\/uploads\/2024\/10\/Requisitos-de-los-pastores-300x167.png 300w, https:\/\/elmensajebautista.com\/wp-content\/uploads\/2024\/10\/Requisitos-de-los-pastores-1024x571.png 1024w, https:\/\/elmensajebautista.com\/wp-content\/uploads\/2024\/10\/Requisitos-de-los-pastores.png 1113w\" sizes=\"auto, (max-width: 830px) 100vw, 830px\" \/><\/p>\n<p>Notemos que una diferencia esencial entre el oficio de anciano y di\u00e1cono, y es la capacidad de\u00a0 ense\u00f1ar y que no debe ser un ne\u00f3fito o principiante en la fe.<\/p>\n<h2>Conclusi\u00f3n<\/h2>\n<p>El <em>anciano<\/em> es el mismo pastor, y aunque puede haber varios ancianos en una misma iglesia, siempre debe haber un pastor principal. Inicialmente los Ap\u00f3stoles eleg\u00edan a los ancianos de la nuevas iglesias, como hizo Pablo y Bernab\u00e9 (Hch. 14:23), pero seguidamente los Ap\u00f3stoles delegaron esa funci\u00f3n en los pastores de iglesias establecidas, como el pastor Timoteo (1:3-4, y cap. 3) y Tito (1:5).<\/p>\n<p style=\"text-align: center;\">Lecci\u00f3n 9\u00a0 \u00a0 |\u00a0 \u00a0 Lecci\u00f3n 11<\/p>\n","protected":false},"excerpt":{"rendered":"<p>SEGUNDA PARTE:\u00a0DEFINIENDO EL PASTORADO Y EL DIACONADO 1\u00aa Timoteo 3:1-7\u00a0Y\u00a0Tito 1:5-9 Lecci\u00f3n 10 Definici\u00f3n de T\u00e9rminos Dos t\u00e9rminos son usados en la iglesia para referirse a sus funcionaros actualmente: pastor y di\u00e1conos. Intercambio de t\u00e9rminos Los pastores son llamados \u201cobispos\u201d (1\u00aa Ti. 3:1). \u201cObispo\u201d es quien es un administrador o sobreveedor de los bienes de [&hellip;]<\/p>\n","protected":false},"author":1,"featured_media":0,"parent":269,"menu_order":9,"comment_status":"closed","ping_status":"closed","template":"","meta":{"footnotes":""},"class_list":["post-445","page","type-page","status-publish","hentry"],"_links":{"self":[{"href":"https:\/\/elmensajebautista.com\/index.php?rest_route=\/wp\/v2\/pages\/445","targetHints":{"allow":["GET"]}}],"collection":[{"href":"https:\/\/elmensajebautista.com\/index.php?rest_route=\/wp\/v2\/pages"}],"about":[{"href":"https:\/\/elmensajebautista.com\/index.php?rest_route=\/wp\/v2\/types\/page"}],"author":[{"embeddable":true,"href":"https:\/\/elmensajebautista.com\/index.php?rest_route=\/wp\/v2\/users\/1"}],"replies":[{"embeddable":true,"href":"https:\/\/elmensajebautista.com\/index.php?rest_route=%2Fwp%2Fv2%2Fcomments&post=445"}],"version-history":[{"count":3,"href":"https:\/\/elmensajebautista.com\/index.php?rest_route=\/wp\/v2\/pages\/445\/revisions"}],"predecessor-version":[{"id":449,"href":"https:\/\/elmensajebautista.com\/index.php?rest_route=\/wp\/v2\/pages\/445\/revisions\/449"}],"up":[{"embeddable":true,"href":"https:\/\/elmensajebautista.com\/index.php?rest_route=\/wp\/v2\/pages\/269"}],"wp:attachment":[{"href":"https:\/\/elmensajebautista.com\/index.php?rest_route=%2Fwp%2Fv2%2Fmedia&parent=445"}],"curies":[{"name":"wp","href":"https:\/\/api.w.org\/{rel}","templated":true}]}}