{"id":443,"date":"2024-10-23T06:08:46","date_gmt":"2024-10-23T06:08:46","guid":{"rendered":"https:\/\/elmensajebautista.com\/?page_id=443"},"modified":"2024-10-23T06:08:46","modified_gmt":"2024-10-23T06:08:46","slug":"leccion-9-la-cena-del-senor","status":"publish","type":"page","link":"https:\/\/elmensajebautista.com\/?page_id=443","title":{"rendered":"Lecci\u00f3n 9: La Cena del Se\u00f1or"},"content":{"rendered":"<p>Lecci\u00f3n 9<\/p>\n<h1>Las Ordenanzas: Cena del Se\u00f1or<\/h1>\n<p>Texto para memorizar: 1\u00aa Corintios 11:26.<\/p>\n<p>Se le llama <em>Santa Cena<\/em> por razones de que fue instituida por Cristo para conmemorar su muerte y sangre derramada. Pero en las Escrituras recibe solamente tres nombres: <strong><em>Cena del Se\u00f1or, Comuni\u00f3n<\/em><\/strong> y <strong><em>Partimiento del Pan<\/em><\/strong>. Nosotros le llamamos: <strong><em>Cena del Se\u00f1or<\/em><\/strong>. En Mateo 26:26-30; Marcos 14:22-25 y Lucas 22:17-20\u00a0 se narra hist\u00f3ricamente la <em>instituci\u00f3n de la Cena<\/em>, pero 1\u00aa Corintios 11:23-32 nos la explica.<\/p>\n<h2>\u00bfQu\u00e9 es la Cena del Se\u00f1or?<\/h2>\n<ol>\n<li>Es una cena <strong><em>memorial<\/em><\/strong>. \u201cHaced esto en <em>memoria<\/em> de m\u00ed\u201d. Lc. 22:19.<\/li>\n<li>Es una cena <em>simb\u00f3lica<\/em> de la muerte de Cristo. 1\u00aa Cor. 11:26.<\/li>\n<li>El <strong>pan<\/strong> es s\u00edmbolo del Cuerpo de Jes\u00fas, que fue partido por nosotros. Lc. 22:19; 1\u00aa Cor. 11:24.<\/li>\n<li>El <strong>vino<\/strong> es el <em>fruto de la vid<\/em>, es decir, <em>jugo de uva no fermentado<\/em>. Simboliza la sangre derramada de Jes\u00fas. Mt. 26:28-29; Mr. 14:24-25; Lc. 22:18-20.<\/li>\n<li>Es una <strong><em>anunciaci\u00f3n<\/em><\/strong> de la muerte de Jes\u00fas. 1\u00aa Cor. 11:26.<\/li>\n<li>Es un <em>cumplimiento<\/em> de la profec\u00eda de Isa\u00edas 53:3-5.<\/li>\n<li>Es la declaraci\u00f3n de que Cristo es nuestra Pascua. 1\u00aa Cor. 5:7.<\/li>\n<\/ol>\n<h2>\u00bfCu\u00e1les son los l\u00edmites de la Cena del Se\u00f1or?<\/h2>\n<p>Existen algunos l\u00edmites en relaci\u00f3n a la Cena del Se\u00f1or, que vemos a continuaci\u00f3n.<\/p>\n<ol>\n<li>Se puede celebrar solamente cuando <em>os reun\u00eds como iglesia<\/em>. 1\u00aa Cor. 11:18, 20.<\/li>\n<li>Solamente cuando est\u00e9 reunida la<\/li>\n<li>El lugar m\u00e1s apropiado es el lugar de reuni\u00f3n, por deducci\u00f3n, el templo.<\/li>\n<li>Se puede celebrar solamente por los <em>salvos<\/em> y <em>bautizados<\/em>. Hch. 2:41-42.<\/li>\n<li>La primera vez la cena se celebr\u00f3 dirigida por Jes\u00fas mismo, como fundador de la iglesia.<\/li>\n<li>No existe mandato de dar la Cena del Se\u00f1or a los enfermos. La orden es <em>orar por ellos<\/em>. Stg. 5:14. Si se debiera dar la cena al enfermo, deben ir el pastor m\u00e1s un <em>ancianos<\/em>, m\u00e1s el enfermo, hacen tres personas. Esto podr\u00eda ser v\u00e1lido, aunque no es mandamiento. Mt. 18:20.<\/li>\n<\/ol>\n<h2>\u00bfC\u00f3mo deben ser Sus Elementos?<\/h2>\n<ol>\n<li>Deben ser pan sin levadura y jugo de uva. Lc. 22:18-20.<\/li>\n<li>No hay opciones, no se pueden <em>sustituir<\/em> por las siguientes razones:<\/li>\n<li>El pan <strong>SIN <\/strong>levadura representa el cuerpo sin pecado de Jes\u00fas. El fermento de la levadura representa el pecado. Mt. 16:6, 11, 12. El cuerpo de Jes\u00fas no ten\u00eda pecado. 1\u00aa P. 2:22.<\/li>\n<li>El fruto sin fermentar representa la sangre sin pecado de Jes\u00fas. 1\u00aa P. 1:19.<\/li>\n<\/ol>\n<h2>\u00bfCon cu\u00e1l prop\u00f3sito se debe realizar?<\/h2>\n<ol>\n<li>Debe realizarse en <strong><em>memoria de Jes\u00fas<\/em><\/strong>. 1\u00aa Cor. 11:23-25.<\/li>\n<li>No es para santificarse o por quedar bien con un l\u00edder, sino en memoria del sacrificio expiatorio de Jes\u00fas. Jn. 6:25-59.<\/li>\n<li>La Cena nos recuerda que ya \u201chicimos la obra de Dios\u201d y ya \u201ccomimos el pan de vida\u201d cuando cre\u00edmos en el Se\u00f1or Jes\u00fas. Jn. 6:28, 29, 35.<\/li>\n<li>La Cena no es instituida en la iglesia cuando es fundada, sino cuando el \u201cEsposo va a ser quitado\u201d, para que sea un memorial o recordatorio solemne del Esposo.<\/li>\n<li>Recoger una ofrenda especial para los pobre. Jn. 13:19.<\/li>\n<\/ol>\n<h2>\u00bfQui\u00e9nes la pueden tomar?<\/h2>\n<ol>\n<li>Los que son salvos y bautizados. Hch. 2:41-42.<\/li>\n<li>Solo creyentes bautizados y que cre\u00edan en Jes\u00fas la tomaron la primera vez. Judas no tom\u00f3 la Cena como <em>creyente<\/em>, sino que rechaz\u00f3 a Jes\u00fas <strong><em>antes<\/em><\/strong> de tomarla. Mt. 26:20-29; Mr. 14:17-25; Lc. 22:21; Jn. 13:21-30.<\/li>\n<li>En Hechos 2 solamente los creyentes bautizados la tomaron.<\/li>\n<li>Pablo da instrucciones de c\u00f3mo realizar la Cena a una iglesia establecida y con miembros bautizados. 1\u00aa Cor. 11.<\/li>\n<li>Es un acto exclusivo de la iglesia local bajo la direcci\u00f3n de un ministro reconocido por la iglesia. Hch. 20:7-11.<\/li>\n<\/ol>\n<h2>\u00bfQui\u00e9n no la puede tomar?<\/h2>\n<ol>\n<li>Una persona no creyente o no bautizada.<\/li>\n<li>Una iglesia que est\u00e9 pasando una divisi\u00f3n. 1\u00aa Cor. 11:18-20.<\/li>\n<li>Una persona con una doctrina diferente o de una denominaci\u00f3n diferente, ya que no habr\u00eda \u201cunidad de fe\u201d, la armon\u00eda necesaria en la doctrina y la pr\u00e1ctica.<\/li>\n<li>Una persona que huye de otra iglesia. Por eso son necesarias las cartas de recomendaci\u00f3n. Solamente personas de sana doctrina, de la misma fe y con los mismos principios doctrinales y pr\u00e1cticos pueden participar de la Cena del Se\u00f1or.<\/li>\n<\/ol>\n<h2>\u00bfCu\u00e1l es El Objetivo de la Cena?<\/h2>\n<ol>\n<li>No es un objetivo social. Para la sociedad tenemos nuestras casas. 1\u00aa Cor. 11:22.<\/li>\n<li>Es en memoria de Jes\u00fas, anunciando su muerte hasta que \u00c9l venga. 1\u00aa Cor. 11:24-25, 26.<\/li>\n<li>Porque tenemos la misma fe. He. 13:10; 2\u00aa Jn. 9-11.<\/li>\n<\/ol>\n<h2>\u00bfCu\u00e1les son las Razones para Tomar la Cena?<\/h2>\n<ol>\n<li>Es un acto de obediencia. Mr. 14:22-23; Mt. 26:26-27; 1\u00aa Cor. 11:23-25. Si obedecemos este mandato, debemos haber obedecido primero el del bautismo.<\/li>\n<li>Es parte de \u201cguardar todas las cosas\u201d que Jes\u00fas nos ha ense\u00f1ado. Mt. 28:18-20.<\/li>\n<li>Es para traer a memoria la obra de Jes\u00fas en la cruz. Lc. 22:19; 1\u00aa Cor. 11:24-25.<\/li>\n<li>Es para dar testimonio de que Jes\u00fas muri\u00f3 por nuestros pecados. 1\u00aa Cor. 5:7-8; 11:24-25.<\/li>\n<li>Es para confesar la salvaci\u00f3n por medio de su sangre. Mt. 26:28; Lc. 12:8-9; Ro. 10:8-10.<\/li>\n<li>Es para darle alabanza y mostrar nuestra gratitud a \u00c9l. Lc. 22:19; 1\u00aa Cor. 10:16; 11:24.<\/li>\n<li>Es para predicar que Jes\u00fas volver\u00e1 literalmente. 1\u00aa Cor. 11:26.<\/li>\n<\/ol>\n<h2>Conclusi\u00f3n<\/h2>\n<ol>\n<li>En 1\u00aa Corintios 11:29 la palabra \u201cindignamente\u201d es un adverbio, no un verbo. Habla de la <strong>actitud<\/strong> y el <strong>discernimiento<\/strong> del \u201ccuerpo de Cristo\u201d (su cuerpo f\u00edsico) que debemos tener cuando tomamos la Cena.<\/li>\n<li>1\u00aa Corintios 11:31 nos dice que demos examinarnos en cuanto a la forma en c\u00f3mo la estamos <strong><em>guardando<\/em><\/strong>.<\/li>\n<\/ol>\n<p style=\"text-align: center;\">Lecci\u00f3n 8\u00a0 \u00a0 |\u00a0 \u00a0 Lecci\u00f3n 10<\/p>\n","protected":false},"excerpt":{"rendered":"<p>Lecci\u00f3n 9 Las Ordenanzas: Cena del Se\u00f1or Texto para memorizar: 1\u00aa Corintios 11:26. Se le llama Santa Cena por razones de que fue instituida por Cristo para conmemorar su muerte y sangre derramada. Pero en las Escrituras recibe solamente tres nombres: Cena del Se\u00f1or, Comuni\u00f3n y Partimiento del Pan. Nosotros le llamamos: Cena del Se\u00f1or. [&hellip;]<\/p>\n","protected":false},"author":1,"featured_media":0,"parent":269,"menu_order":8,"comment_status":"closed","ping_status":"closed","template":"","meta":{"footnotes":""},"class_list":["post-443","page","type-page","status-publish","hentry"],"_links":{"self":[{"href":"https:\/\/elmensajebautista.com\/index.php?rest_route=\/wp\/v2\/pages\/443","targetHints":{"allow":["GET"]}}],"collection":[{"href":"https:\/\/elmensajebautista.com\/index.php?rest_route=\/wp\/v2\/pages"}],"about":[{"href":"https:\/\/elmensajebautista.com\/index.php?rest_route=\/wp\/v2\/types\/page"}],"author":[{"embeddable":true,"href":"https:\/\/elmensajebautista.com\/index.php?rest_route=\/wp\/v2\/users\/1"}],"replies":[{"embeddable":true,"href":"https:\/\/elmensajebautista.com\/index.php?rest_route=%2Fwp%2Fv2%2Fcomments&post=443"}],"version-history":[{"count":1,"href":"https:\/\/elmensajebautista.com\/index.php?rest_route=\/wp\/v2\/pages\/443\/revisions"}],"predecessor-version":[{"id":444,"href":"https:\/\/elmensajebautista.com\/index.php?rest_route=\/wp\/v2\/pages\/443\/revisions\/444"}],"up":[{"embeddable":true,"href":"https:\/\/elmensajebautista.com\/index.php?rest_route=\/wp\/v2\/pages\/269"}],"wp:attachment":[{"href":"https:\/\/elmensajebautista.com\/index.php?rest_route=%2Fwp%2Fv2%2Fmedia&parent=443"}],"curies":[{"name":"wp","href":"https:\/\/api.w.org\/{rel}","templated":true}]}}