{"id":435,"date":"2024-10-23T06:01:20","date_gmt":"2024-10-23T06:01:20","guid":{"rendered":"https:\/\/elmensajebautista.com\/?page_id=435"},"modified":"2024-10-23T06:01:20","modified_gmt":"2024-10-23T06:01:20","slug":"leccion-5-jesucristo-es-dios","status":"publish","type":"page","link":"https:\/\/elmensajebautista.com\/?page_id=435","title":{"rendered":"Lecci\u00f3n 5: Jesucristo es Dios"},"content":{"rendered":"<p>Lecci\u00f3n 5<\/p>\n<h1>La Persona de Jesucristo<\/h1>\n<p>Texto para memorizar: Juan 20:28.<\/p>\n<p>El nombre espa\u00f1ol \u201c<strong>Jesucristo\u201d<\/strong> es la uni\u00f3n de un nombre griego y un t\u00edtulo griego. \u201c<em>Crist\u00f3s<\/em>\u201d, en griego, significa \u201cel ungido, el escogido\u201d. El nombre griego \u201cIesous\u201d, es la transcripci\u00f3n del hebreo \u201c<em>Yeshua<\/em>\u201d, que significa \u201cJehov\u00e1 es el Salvador\u201d. La traducci\u00f3n de<em> Yeshua<\/em> al espa\u00f1ol es <strong>Josu\u00e9<\/strong>. El t\u00e9rmino <em>Jesucristo<\/em> se adopt\u00f3 en 1870, en la revisi\u00f3n RV; antes de eso siempre fue \u201cJes\u00fas <em>el<\/em> Cristo\u201d.<\/p>\n<ol>\n<li>Jesucristo es <strong>Dios manifestado en carne<\/strong>. Jn. 1:1, 2, 14. Esto significa que Jes\u00fas es Dios tanto f\u00edsica como espiritualmente. Jn. 14:6-8.<\/li>\n<li>Jesucristo, desde su nacimiento hasta su ascensi\u00f3n, siempre acept\u00f3 abiertamente ser adorado como Dios. Esto lo siguieron creyendo y practicando los Ap\u00f3stoles (Hch. 14:8-18; 10:25, 26), y es una pr\u00e1ctica com\u00fan de los \u00e1ngeles (Ap. 19:10; 22:8).<\/li>\n<li>La Biblia siempre ense\u00f1a que Dios es el \u00fanico que merece adoraci\u00f3n (Ex. 34:14), y Jehov\u00e1 mismo reclama la adoraci\u00f3n exclusivamente para \u00c9l (Is. 44:6, 8; 45:5; Dn. 3:29). Entonces, si Jes\u00fas acepta adoraci\u00f3n y se indica que \u201ces Dios\u201d (Jn. 1:1), est\u00e1 demostrando que \u00c9l es el mismo Dios verdadero del AT.<\/li>\n<\/ol>\n<h2>La Biblia le da a Jesucristo el t\u00edtulo de Dios<\/h2>\n<ol>\n<li>Se le llama \u201cDios verdadero\u201d. 1\u00aa Jn. 5:20.<\/li>\n<li>Se le llama \u201cSe\u00f1or y Dios\u201d. Jn. 20:28.<\/li>\n<li>Se le llama \u201cDios sobre todas las cosas\u201d. Ro. 9:5.<\/li>\n<\/ol>\n<h2>La Biblia le atribuye a Jesucristo las acciones de Dios<\/h2>\n<ol>\n<li>Los Evangelios narran algunos de Sus muchos milagros, que solamente Dios puede hacer (no es cuesti\u00f3n de milagreros).<\/li>\n<li>Cur\u00f3 a paral\u00edticos. Mr. 2:8-12.<\/li>\n<li>Restituy\u00f3 la vista al ciego. Mr. 10:46-52.<\/li>\n<li>Ech\u00f3 fuera a los demonios. Mr. 5:8-15.<\/li>\n<li>Domina las leyes de la f\u00edsica. Mr. 6:45-51.<\/li>\n<li>Multiplic\u00f3 el pan. Mr. 6:30-44.<\/li>\n<li>Resucit\u00f3 a los muertos. Mr. 5:41-42.<\/li>\n<li>\u00a1Y \u00c9l mismo resucit\u00f3 por sus propias fuerzas! Mr. 16:6; Jn. 10:17-18.<\/li>\n<li>Tambi\u00e9n se le dan las cualidades (atributos) que solo Dios tiene.<\/li>\n<li>Jes\u00fas es <strong>Omnisciente<\/strong>. \u201cOmni\u201d, absoluto, todo; \u201ccientis\u201d, ciencia o conocimiento. Jn. 2:25; 21:17; 16:30; Mt. 9:4.<\/li>\n<li>Jes\u00fas es <strong>Omnipresente<\/strong>. Absolutamente presente. \u201c\u00c9l no puede no estar\u201d. Mt. 18:20; 28:20; Jn. 3:13.<\/li>\n<li>Jes\u00fas es Omnipotente. Todopoderoso. Jn. 1:3; Col. 1:16.<\/li>\n<li>Jes\u00fas es Inmutable. Nunca cambia. Heb. 1:10-12; 13:8.<\/li>\n<li>Jes\u00fas es Santo. Sin pecado, sin defecto. Heb. 4:15; 1\u00aa P. 2:22; 2\u00aa Cor. 5:21.<\/li>\n<li>Jes\u00fas es el \u00fanico que perdona pecados. Mt. 9:6.<\/li>\n<\/ol>\n<h2>A Jesucristo se le adora como se adora a Dios<\/h2>\n<ol>\n<li>El endemoniado gadareno lo ador\u00f3. Mr. 5:6.<\/li>\n<li>Jes\u00fas demanda que se le adore como se adora a Dios. Jn. 5:23.<\/li>\n<li>Dios Padre ordena que se le adore. He. 1:6.<\/li>\n<li>Los \u00e1ngeles le adoran entusiastamente. Ap. 5:11-12.<\/li>\n<\/ol>\n<h2>Para Considerar<\/h2>\n<ol>\n<li>Ning\u00fan ser humano en su sano juicio aceptar\u00e1 adoraci\u00f3n que le corresponde a Dios.<\/li>\n<li>Pablo y Silas se opusieron al ser adorados. Hch. 14:8-18.<\/li>\n<li>Pedro se neg\u00f3 ser adorado por Cornelio. Hch. 10:25, 26.<\/li>\n<li>Los \u00e1ngeles se niegan a ser adorados. Ap. 19:10.<\/li>\n<li>Si Jesucristo fue un gran hombre, o un hombre superior, m\u00e1s sabio y bondadoso, sin ser Dios, hubiera rechazado enf\u00e1ticamente ser adorado, y se hubiera formado un cristianismo diferente.<\/li>\n<li>La Biblia afirma que Jesucristo, y solamente \u00c9l, es el Verdadero: \u201cPero sabemos que el Hijo de Dios ha venido y nos ha dado entendimiento para conocer al <em>que es<\/em> verdadero; y estamos en el verdadero, en su Hijo Jesucristo. Este es el verdadero Dios y la vida eterna\u201d (1\u00aa Jn. 5:20).<\/li>\n<\/ol>\n<h2>La Doctrina de Jesucristo<\/h2>\n<p>La frase: \u201cEl amor une, pero la doctrina divide\u201d est\u00e1 contra las Escrituras. Cada palabra de Jes\u00fas es <strong><em>doctrina pura<\/em><\/strong>, y todo lo que hacemos debe ser en concordancia con Su mensaje y Sus palabras.<\/p>\n<ol>\n<li>\u00c9l ense\u00f1a la doctrina con autoridad. Mt. 7:28-29.<\/li>\n<li>La ense\u00f1anza de hombres es <em>doctrina<\/em> contraria a la de Jes\u00fas. Mt. 16:12.<\/li>\n<li>La doctrina de Jes\u00fas admira el coraz\u00f3n. Mt. 22:33.<\/li>\n<li>La doctrina de Jes\u00fas es poderosa y evidente. Mr. 1:27.<\/li>\n<li>Cada ense\u00f1anza de la Biblia es <em>doctrina de Jes\u00fas<\/em>, no de hombres. Mr. 4:2.<\/li>\n<li>La doctrina de Cristo condena la vida espiritual sin conocimiento b\u00edblico. Mr. 12:38-40; Mt. 22:29; Mr. 12:24, 27.<\/li>\n<li>Las palabras de Jes\u00fas son doctrina. Lc. 4:32.<\/li>\n<li>Los que conocen a Dios conocen Su doctrina. Jn. 7:16-17.<\/li>\n<li>Cada creyente debe perseverar en la doctrina. Hch. 2:42.<\/li>\n<li>La doctrina del Se\u00f1or es la que convierte al hombre. Hch. 13:12; Ro. 10:17.<\/li>\n<li>El creyente obedece de coraz\u00f3n a la doctrina de Cristo. Ro. 6:17.<\/li>\n<li>Quien rechaza la doctrina es un divisionista. Ro. 16:17.<\/li>\n<li>Hay muchas <em>doctrinas<\/em>, pero solo la Biblia es sana doctrina. Ef. 4:14; 2\u00aa Ts. 2:15.<\/li>\n<li>Los pastores deben impedir la falsa doctrina. 1\u00aa Ti. 1:3.<\/li>\n<li>Los no creyentes siempre ver\u00e1n en la Ley la condena (y procuraran cumplirla por sus fuerzas) porque rechazan la sana doctrina. 1\u00aa Ti. 1:8-11.<\/li>\n<li>Un buen ministro siempre ense\u00f1a la doctrina de Jesucristo. 1\u00aa Ti. 4:6.<\/li>\n<li>Siempre hay que cuidar la doctrina de Cristo. 1\u00aa Ti. 4:16.<\/li>\n<li>No debemos asociarnos con quienes rechazan la doctrina de Cristo. 1\u00aa Ti. 6:3-7.<\/li>\n<\/ol>\n<p>Lecci\u00f3n 4\u00a0 \u00a0 |\u00a0 \u00a0 Lecci\u00f3n 6<\/p>\n","protected":false},"excerpt":{"rendered":"<p>Lecci\u00f3n 5 La Persona de Jesucristo Texto para memorizar: Juan 20:28. El nombre espa\u00f1ol \u201cJesucristo\u201d es la uni\u00f3n de un nombre griego y un t\u00edtulo griego. \u201cCrist\u00f3s\u201d, en griego, significa \u201cel ungido, el escogido\u201d. El nombre griego \u201cIesous\u201d, es la transcripci\u00f3n del hebreo \u201cYeshua\u201d, que significa \u201cJehov\u00e1 es el Salvador\u201d. La traducci\u00f3n de Yeshua al [&hellip;]<\/p>\n","protected":false},"author":1,"featured_media":0,"parent":269,"menu_order":4,"comment_status":"closed","ping_status":"closed","template":"","meta":{"footnotes":""},"class_list":["post-435","page","type-page","status-publish","hentry"],"_links":{"self":[{"href":"https:\/\/elmensajebautista.com\/index.php?rest_route=\/wp\/v2\/pages\/435","targetHints":{"allow":["GET"]}}],"collection":[{"href":"https:\/\/elmensajebautista.com\/index.php?rest_route=\/wp\/v2\/pages"}],"about":[{"href":"https:\/\/elmensajebautista.com\/index.php?rest_route=\/wp\/v2\/types\/page"}],"author":[{"embeddable":true,"href":"https:\/\/elmensajebautista.com\/index.php?rest_route=\/wp\/v2\/users\/1"}],"replies":[{"embeddable":true,"href":"https:\/\/elmensajebautista.com\/index.php?rest_route=%2Fwp%2Fv2%2Fcomments&post=435"}],"version-history":[{"count":1,"href":"https:\/\/elmensajebautista.com\/index.php?rest_route=\/wp\/v2\/pages\/435\/revisions"}],"predecessor-version":[{"id":436,"href":"https:\/\/elmensajebautista.com\/index.php?rest_route=\/wp\/v2\/pages\/435\/revisions\/436"}],"up":[{"embeddable":true,"href":"https:\/\/elmensajebautista.com\/index.php?rest_route=\/wp\/v2\/pages\/269"}],"wp:attachment":[{"href":"https:\/\/elmensajebautista.com\/index.php?rest_route=%2Fwp%2Fv2%2Fmedia&parent=435"}],"curies":[{"name":"wp","href":"https:\/\/api.w.org\/{rel}","templated":true}]}}