{"id":432,"date":"2024-10-23T05:59:47","date_gmt":"2024-10-23T05:59:47","guid":{"rendered":"https:\/\/elmensajebautista.com\/?page_id=432"},"modified":"2024-10-23T06:39:51","modified_gmt":"2024-10-23T06:39:51","slug":"leccion-4-dividiendo-la-escritura","status":"publish","type":"page","link":"https:\/\/elmensajebautista.com\/?page_id=432","title":{"rendered":"Lecci\u00f3n 4: Dividiendo la Escritura"},"content":{"rendered":"<p>Lecci\u00f3n 4<\/p>\n<h1>Dividiendo la Escritura<\/h1>\n<p><strong><em>V\u00e9ase el Ap\u00e9ndice 1<\/em><\/strong><\/p>\n<p>El t\u00e9rmino \u201cBiblia\u201d significa \u201clibros\u201d. <em>Biblia<\/em> es la palabra usada para formar nuestro vocablo <em>biblioteca<\/em>. Cada libro fue escrito por la inspiraci\u00f3n del Esp\u00edritu Santo.<\/p>\n<h2>La Inspiraci\u00f3n B\u00edblica<\/h2>\n<ol>\n<li>Toda la Biblia es inspirada por Dios. 2\u00aa Tim. 3:16-17.<\/li>\n<li>Cada autor de la Biblia fue <em>inspirado<\/em> por el Esp\u00edritu Santo. 2\u00aa P. 1:21.<\/li>\n<li>El Esp\u00edritu Santo fue quien habl\u00f3 por medio de David. Hch. 1:16.<\/li>\n<li>El cap\u00edtulo m\u00e1s largo de la Biblia est\u00e1 dedicado a ella misma. Sal. 119.<\/li>\n<\/ol>\n<h2>La Biblia est\u00e1 trazada perfectamente<\/h2>\n<p>Esto significa que la Biblia tiene divisiones que debemos respetar.<\/p>\n<ol>\n<li>El Se\u00f1or Jes\u00fas divide el AT en partes. Lc. 24:44<\/li>\n<li>Pablo nos exhorta a <em>trazar<\/em> a <em>dividir<\/em> adecuadamente la Biblia. 2\u00aa Ti. 2:15.<\/li>\n<li>Los cap\u00edtulo y vers\u00edculos <em>no son inspirados<\/em>, sino solamente su contenido.<\/li>\n<\/ol>\n<h2>El Antiguo Testamento<\/h2>\n<ol>\n<li>La Ley de Mois\u00e9s. Son los primeros 5 libros de la Biblia, de G\u00e9nesis a Deuteronomio. Traza la historia inicial de la Humanidad y de la naci\u00f3n de Israel.<\/li>\n<li>Los Escritos. Son los libros de Josu\u00e9 hasta Ester.<\/li>\n<li>Los Salmos. Van desde Job hasta Cantar de los Cantares.<\/li>\n<li>Los Profetas. Van desde Isa\u00edas hasta Malaqu\u00edas.<\/li>\n<li>Estas divisiones fueron para Israel, y aunque son la Palabra de Dios, la Escritura ense\u00f1a que <em>terminaron<\/em> cuando Jes\u00fas naci\u00f3 (Jn. 1:17). Desde entonces estamos <em>libres<\/em> de la Ley de Mois\u00e9s.<\/li>\n<\/ol>\n<h2>El Nuevo Testamento<\/h2>\n<p>Siguiendo el ejemplo del Se\u00f1or al dividir el AT, podemos dividir el NT en tres secciones: <em>historia, doctrina y profec\u00eda<\/em>.<\/p>\n<ol>\n<li>Los primeros <strong>cinco<\/strong> libros son de historia.<\/li>\n<li>Los Evangelios narran la vida terrenal del Salvador.<\/li>\n<li>Hechos nos menciona el inicio de la primera iglesia cristiana de Jerusal\u00e9n, y la fundaci\u00f3n de las iglesias gentiles.<\/li>\n<li>Solamente se escribi\u00f3 lo que Dios quiso, dejando por fuera muchas otras cosas que no se escribieron (Juan 20:30-31).<\/li>\n<li>Los escritos de Romanos a 3\u00aa Juan, son doctrina.<\/li>\n<li>La palabra <em>doctrina<\/em> significa <em>ense\u00f1anza<\/em>.<\/li>\n<li>Jes\u00fas mand\u00f3 evangelizar <em>con doctrina<\/em> (Mt. 28:19-20).<\/li>\n<li>Pablo demanda y exhorta a los pastores y evangelistas a cuidar la doctrina. 1\u00aa Ti. 4:16.<\/li>\n<li>Apocalipsis es el \u00fanico libro totalmente dedicado a la profec\u00eda. <em>Apocalipsis<\/em> significa <em>Revelaci\u00f3n<\/em>. Las Biblias Reina-Valera, hasta la 1909, llaman a este libro \u201cLa Revelaci\u00f3n de San Juan\u201d, y por eso, muchos antiguos creyentes solamente le dec\u00eda \u201cRevelaci\u00f3n\u201d. Fue la RV60 la que le cambi\u00f3 el nombre al griego \u201cApocalipsis\u201d. El libro se debe interpretar literal y gramaticalmente.<\/li>\n<li>Est\u00e1 dividido en tres partes. Apocalipsis 1:19.<\/li>\n<li>La primera parte (cap. 1-3) habla de la dispensaci\u00f3n de la Gracia en tres formas:<\/li>\n<\/ol>\n<ul>\n<li>Que la iglesia es <strong>local<\/strong>, no universal. Habla a las 7 iglesias literales y espec\u00edficas.<\/li>\n<li>Habla de las 7 caracter\u00edsticas de las iglesias cristianas, enfocado en su respeto o irrespeto a la doctrina.<\/li>\n<li>Habla de los 7 per\u00edodos que pasa la era eclesi\u00e1stica desde su fundaci\u00f3n hasta su rapto.<\/li>\n<\/ul>\n<ol>\n<li>La Segunda Parte (cap\u00edtulos 4 al 21), habla de la Eternidad, del cielo nuevo y la tierra nueva.<\/li>\n<\/ol>\n<h2>Las Dispensaciones<\/h2>\n<p>La palabra <em>dispensaci\u00f3n<\/em> significa <em>administraci\u00f3n<\/em>. Son 8 per\u00edodos de la historia de la Humanidad donde Dios trata de una manera espec\u00edfica a la humanidad ca\u00edda. Dios revel\u00f3 las dispensaciones o las administraciones para nuestro provecho. Las veremos en la siguiente lecci\u00f3n.<\/p>\n<h2>Las divisiones en la Biblia<\/h2>\n<p>La Biblia ense\u00f1a que ella fue revelada con claras divisiones:<\/p>\n<ol>\n<li>Hay un <em>antes<\/em> y un <em>despu\u00e9s<\/em> de Cristo. 2:5-7<\/li>\n<li>Antes de Cristo no hubo revelaci\u00f3n sobre la iglesia. Ef. 3:5, 9.<\/li>\n<li>Hay una diferencia entre el AT y el NT. He. 1:1-2.<\/li>\n<li>La dispensaci\u00f3n de la Ley termina con la venida de Jes\u00fas y se inicia la Era de la Gracia. 1:17; 2\u00aa Co. 3:11.<\/li>\n<li>La dispensaci\u00f3n milenial tiene leyes diferentes a la dispensaci\u00f3n de la ley. Mt. 5:21-22.<\/li>\n<li>La dispensaci\u00f3n de la Ley es totalmente diferente a la dispensaci\u00f3n de la gracia en el servicio sacerdotal. He. 7:11-12<\/li>\n<\/ol>\n<h2>Conclusi\u00f3n<\/h2>\n<ol>\n<li>Debemos aprender m\u00e1s sobre la doctrina cristiana.<\/li>\n<li>Debemos aprender m\u00e1s sobre las divisiones mostradas en la Biblia.<\/li>\n<li>Debemos aprender a trazar correctamente la Palabra de Verdad.<\/li>\n<li>Debemos aprender el dispensacionalismo.<\/li>\n<\/ol>\n<p style=\"text-align: center;\"><a href=\"https:\/\/elmensajebautista.com\/?page_id=428\">Lecci\u00f3n 3<\/a>\u00a0 \u00a0 |\u00a0 \u00a0 <a href=\"https:\/\/elmensajebautista.com\/?page_id=435\">Lecci\u00f3n 5<\/a><\/p>\n","protected":false},"excerpt":{"rendered":"<p>Lecci\u00f3n 4 Dividiendo la Escritura V\u00e9ase el Ap\u00e9ndice 1 El t\u00e9rmino \u201cBiblia\u201d significa \u201clibros\u201d. Biblia es la palabra usada para formar nuestro vocablo biblioteca. Cada libro fue escrito por la inspiraci\u00f3n del Esp\u00edritu Santo. La Inspiraci\u00f3n B\u00edblica Toda la Biblia es inspirada por Dios. 2\u00aa Tim. 3:16-17. Cada autor de la Biblia fue inspirado por [&hellip;]<\/p>\n","protected":false},"author":1,"featured_media":0,"parent":269,"menu_order":3,"comment_status":"closed","ping_status":"closed","template":"","meta":{"footnotes":""},"class_list":["post-432","page","type-page","status-publish","hentry"],"_links":{"self":[{"href":"https:\/\/elmensajebautista.com\/index.php?rest_route=\/wp\/v2\/pages\/432","targetHints":{"allow":["GET"]}}],"collection":[{"href":"https:\/\/elmensajebautista.com\/index.php?rest_route=\/wp\/v2\/pages"}],"about":[{"href":"https:\/\/elmensajebautista.com\/index.php?rest_route=\/wp\/v2\/types\/page"}],"author":[{"embeddable":true,"href":"https:\/\/elmensajebautista.com\/index.php?rest_route=\/wp\/v2\/users\/1"}],"replies":[{"embeddable":true,"href":"https:\/\/elmensajebautista.com\/index.php?rest_route=%2Fwp%2Fv2%2Fcomments&post=432"}],"version-history":[{"count":3,"href":"https:\/\/elmensajebautista.com\/index.php?rest_route=\/wp\/v2\/pages\/432\/revisions"}],"predecessor-version":[{"id":465,"href":"https:\/\/elmensajebautista.com\/index.php?rest_route=\/wp\/v2\/pages\/432\/revisions\/465"}],"up":[{"embeddable":true,"href":"https:\/\/elmensajebautista.com\/index.php?rest_route=\/wp\/v2\/pages\/269"}],"wp:attachment":[{"href":"https:\/\/elmensajebautista.com\/index.php?rest_route=%2Fwp%2Fv2%2Fmedia&parent=432"}],"curies":[{"name":"wp","href":"https:\/\/api.w.org\/{rel}","templated":true}]}}