{"id":420,"date":"2024-10-23T05:50:39","date_gmt":"2024-10-23T05:50:39","guid":{"rendered":"https:\/\/elmensajebautista.com\/?page_id=420"},"modified":"2024-10-23T05:58:28","modified_gmt":"2024-10-23T05:58:28","slug":"la-doctrina-de-la-salvacion","status":"publish","type":"page","link":"https:\/\/elmensajebautista.com\/?page_id=420","title":{"rendered":"Lecci\u00f3n 1: La Doctrina de la Salvaci\u00f3n"},"content":{"rendered":"<h1>La Salvaci\u00f3n<\/h1>\n<p>Texto para memorizar: <strong><em>Juan 1:12<\/em><\/strong><\/p>\n<blockquote><p>\u201cMas a todos los que lo recibieron, les dio potestad de ser hechos hijos de Dios, a los que creen en su nombre\u201d<\/p><\/blockquote>\n<p>El t\u00e9rmino griego \u201c<em>s\u00f3ter<\/em>\u201d significa \u201c<em>sanar, liberar o rescatar<\/em>\u201d. Este t\u00e9rmino es el que se traduce \u201c<em>salvar<\/em>\u201d. La salvaci\u00f3n no solamente es un elemento espiritual, sino tambi\u00e9n integral, de alma y cuerpo. La \u00fanica vez que aparece la petici\u00f3n por salvaci\u00f3n y recibe una respuesta directa est\u00e1 en Hechos 16:30-31.<\/p>\n<p>La Biblia nos ense\u00f1a dos perspectivas de la salvaci\u00f3n: <em>lo que no es la salvaci\u00f3n <\/em>y <em>lo que s\u00ed es la salvaci\u00f3n<\/em>.<\/p>\n<h2>Lo que NO es la Salvaci\u00f3n (Juan 1:12; Mr. 16:16)<\/h2>\n<ol>\n<li>No somos salvos por nacer como seres humanos.<\/li>\n<li>No somos salvos por nacer de padres salvos.<\/li>\n<li>No somos salvos por pertenecer a una iglesia local.<\/li>\n<li>No somos salvos por ser bautizados.<\/li>\n<li>No somos salvos por las obras (Ef. 2:8-9).<\/li>\n<\/ol>\n<h2>Lo que S\u00cd es la Salvaci\u00f3n<\/h2>\n<ol>\n<li>Es haber nacido de nuevo (o ser regenerado, Jn. 3:3-5).<\/li>\n<li>Tener a Cristo como Salvador personal, \u00fanico y suficiente. 1\u00aa Ti. 2:5.<\/li>\n<li>Creer que Jes\u00fas muri\u00f3 y resucit\u00f3 por nuestros pecados. 1\u00aa P. 3:18.<\/li>\n<\/ol>\n<h2>El \u00fanico requisito de Salvaci\u00f3n<\/h2>\n<p>El \u00fanico requisito para ser salvo es <em>creer<\/em> en Jesucristo. La <em>fe<\/em> no es una obra ni un esfuerzo humano; es una respuesta del coraz\u00f3n al llamado de Dios. La fe ha sido dada a todo hombre por la gracia de Dios, la salvaci\u00f3n es el \u201cdon de Dios\u201d a los que ponen su fe en Cristo.<\/p>\n<ol>\n<li>La fe debe descansar solamente en el sacrificio vicario de Jes\u00fas, y no solamente en su realidad hist\u00f3rica:<\/li>\n<li>Es una Fe no basada a las obras. Ef. 2:8-9.<\/li>\n<li>Es una fe que no puede comprar nada. 1\u00aa P. 1:18-19.<\/li>\n<li>Es una fe que \u201ccompra\u201d lo que otro pag\u00f3. Is. 55:1.<\/li>\n<li>La fe aut\u00e9ntica siempre est\u00e1 acompa\u00f1ada por:<\/li>\n<li>Arrepentimiento genuino por haber pecado. Hch. 11:18.<\/li>\n<li>Amor y gratitud a Dios. Heb. 12:28.<\/li>\n<li>Seguridad de Salvaci\u00f3n. Ef. 3:11-12.<\/li>\n<li>Anhelo por obedecer a Dios. Fil. 1:20.<\/li>\n<li>Un nuevo nacimiento que se refleja en la vida. 2\u00aa Cor. 5:17.<\/li>\n<\/ol>\n<h2>La \u00fanica Fuente de Salvaci\u00f3n<\/h2>\n<p>No es la iglesia, ni la fe, ni la obediencia. Es Dios la Fuente de la salvaci\u00f3n:<\/p>\n<ol>\n<li>La salvaci\u00f3n le pertenece a Dios. Sal. 3:8; Jon\u00e1s 2:9.<\/li>\n<li>La salvaci\u00f3n solo se adquiere \u201cal mirar\u201d o creer al Salvador. Is. 45:22; Jn. 11:42.<\/li>\n<li>La salvaci\u00f3n solo est\u00e1 en Jehov\u00e1. Is. 43:11.<\/li>\n<li>La salvaci\u00f3n solo est\u00e1 en \u201cel Nombre\u201d de Jes\u00fas. Hch. 4:11-12.<\/li>\n<\/ol>\n<h2>La Necesidad de que las personas sean salvadas<\/h2>\n<ol>\n<li>Porque todos somos pecadores. Ro. 3:10-12.<\/li>\n<li>Porque todos los hombres en todas partes necesitan ser salvos. Jn. 3:3.<\/li>\n<li>Porque cualquiera que no haya sido salvado ir\u00e1 al infierno. Ap. 20:15.<\/li>\n<li>Porque el infierno es un lugar de angustia y dolor. Lc. 16:19-31.<\/li>\n<\/ol>\n<h2>La Soluci\u00f3n para quienes no son salvos<\/h2>\n<p>Si la raza humana deb\u00eda regresar a Dios, era necesario pagar el precio por el pecado, el cual no es oro, plata ni ninguna cosa creada. Adem\u00e1s, nadie podr\u00eda pagarlo porque nadie es justo a los ojos de Dios (Ro. 3:10). Ese pago lo tuvo que proporcionar el mismo Dios en la Persona de Jesucristo.<\/p>\n<ol>\n<li>No somos redimidos por oro o plata, sino con la sangre del Se\u00f1or Jes\u00fas. 1\u00aa P. 1:18-19.<\/li>\n<li>Cristo es quien ha sido ofrecido para cargar nuestros pecados. Heb. 9:28.<\/li>\n<li>Cristo fue ofrecido <strong><em>una sola vez<\/em><\/strong>, y su sacrificio pasado es suficiente para todos los pecados. 1\u00aa P. 3:18.<\/li>\n<\/ol>\n<h2>La Forma de Ser Salvado<\/h2>\n<ol>\n<li>No por obras, porque es un <em>regalo<\/em> de Dios. Ro. 6:23.<\/li>\n<li>No por obras, sino solamente por la fe. Ef. 2:8-9.<\/li>\n<li>No por obras, sino solamente creyendo en Jes\u00fas. Jn. 6:47.<\/li>\n<li>No por obras, sino por creer sinceramente de coraz\u00f3n. Ro. 10:9.<\/li>\n<\/ol>\n<h2>No Podemos Ganar la Salvaci\u00f3n<\/h2>\n<ol>\n<li>No somos salvos por obras de justicia. Tito 3:5.<\/li>\n<li>No somos justificados por las obras de la ley. G\u00e1l. 2:16.<\/li>\n<li>No somos salvos por hacer obras de salvos. Ro. 4:5.<\/li>\n<\/ol>\n<h2>Los \u201cYa no\u201d de la Salvaci\u00f3n<\/h2>\n<ol>\n<li>Ya no estamos condenados. Jn. 5:24.<\/li>\n<li>Ya no estamos perdidos, sino que tenemos vida eterna. Jn. 3:36.<\/li>\n<li>Ya no somos extra\u00f1os, sino hijos de Dios. 1\u00aa Jn. 3:2.<\/li>\n<li>Ya no vamos al Infierno, sino al cielo. Jn. 14:2-3.<\/li>\n<li>Ya no somos de este mundo, sino de la tierra nueva. Ap. 21:1-4.<\/li>\n<\/ol>\n<h2>Conclusi\u00f3n<\/h2>\n<p>No podemos ganar la salvaci\u00f3n sin Jesucristo porque:<\/p>\n<ol>\n<li>La salvaci\u00f3n es tan grande y costosa que no hay nadie que pueda pagarla o merecerla.<\/li>\n<li>La salvaci\u00f3n ya fue comprada y pagada en la cruz por el Se\u00f1or Jes\u00fas, as\u00ed que ya no hay forma de intentar pagar lo que ya est\u00e1 pagado.<\/li>\n<li>La salvaci\u00f3n est\u00e1 fuera del alcance del pecador.<\/li>\n<li>La salvaci\u00f3n da la gloria solamente a Jes\u00fas y, si pudi\u00e9ramos ganarla, le quitar\u00edamos a \u00c9l la gloria.<\/li>\n<\/ol>\n<p>La salvaci\u00f3n es un regalo, \u00bfc\u00f3mo se paga un regalo?<\/p>\n<p style=\"text-align: center;\"><a href=\"https:\/\/elmensajebautista.com\/?page_id=269\">Inicio del curso <\/a>\u00a0 \u00a0 |\u00a0 \u00a0 <a href=\"https:\/\/elmensajebautista.com\/?page_id=424\">Lecci\u00f3n 2<\/a><\/p>\n","protected":false},"excerpt":{"rendered":"<p>La Salvaci\u00f3n Texto para memorizar: Juan 1:12 \u201cMas a todos los que lo recibieron, les dio potestad de ser hechos hijos de Dios, a los que creen en su nombre\u201d El t\u00e9rmino griego \u201cs\u00f3ter\u201d significa \u201csanar, liberar o rescatar\u201d. Este t\u00e9rmino es el que se traduce \u201csalvar\u201d. La salvaci\u00f3n no solamente es un elemento espiritual, [&hellip;]<\/p>\n","protected":false},"author":1,"featured_media":0,"parent":269,"menu_order":0,"comment_status":"closed","ping_status":"closed","template":"","meta":{"footnotes":""},"class_list":["post-420","page","type-page","status-publish","hentry"],"_links":{"self":[{"href":"https:\/\/elmensajebautista.com\/index.php?rest_route=\/wp\/v2\/pages\/420","targetHints":{"allow":["GET"]}}],"collection":[{"href":"https:\/\/elmensajebautista.com\/index.php?rest_route=\/wp\/v2\/pages"}],"about":[{"href":"https:\/\/elmensajebautista.com\/index.php?rest_route=\/wp\/v2\/types\/page"}],"author":[{"embeddable":true,"href":"https:\/\/elmensajebautista.com\/index.php?rest_route=\/wp\/v2\/users\/1"}],"replies":[{"embeddable":true,"href":"https:\/\/elmensajebautista.com\/index.php?rest_route=%2Fwp%2Fv2%2Fcomments&post=420"}],"version-history":[{"count":5,"href":"https:\/\/elmensajebautista.com\/index.php?rest_route=\/wp\/v2\/pages\/420\/revisions"}],"predecessor-version":[{"id":430,"href":"https:\/\/elmensajebautista.com\/index.php?rest_route=\/wp\/v2\/pages\/420\/revisions\/430"}],"up":[{"embeddable":true,"href":"https:\/\/elmensajebautista.com\/index.php?rest_route=\/wp\/v2\/pages\/269"}],"wp:attachment":[{"href":"https:\/\/elmensajebautista.com\/index.php?rest_route=%2Fwp%2Fv2%2Fmedia&parent=420"}],"curies":[{"name":"wp","href":"https:\/\/api.w.org\/{rel}","templated":true}]}}