{"id":36,"date":"2024-05-28T05:27:14","date_gmt":"2024-05-28T05:27:14","guid":{"rendered":"https:\/\/elmensajebautista.com\/?page_id=36"},"modified":"2024-10-23T04:29:05","modified_gmt":"2024-10-23T04:29:05","slug":"conocenos","status":"publish","type":"page","link":"https:\/\/elmensajebautista.com\/?page_id=36","title":{"rendered":"Con\u00f3cenos"},"content":{"rendered":"<p><em><strong>\u00bfQui\u00e9nes son los \u00abBautistas Landmark\u00bb?<\/strong><\/em><br \/>\nLos <strong><em>Bautistas Landmark<\/em><\/strong> son un grupo de <strong>Bautistas<\/strong> que se separaron de la Convenci\u00f3n Bautista del Sur cuando \u00e9sta comenz\u00f3 a volverse liberal. El Dr. J. M. Carroll fue uno de los mayores promotores de este movimiento. Son <strong>Bautistas<\/strong> en esencia, y han preservado las doctrinas m\u00e1s antiguas de los <strong>Bautistas.<\/strong><\/p>\n<p><em><strong>\u00bfQu\u00e9 significa la palabra \u00abLandmark\u00bb?<\/strong><\/em><br \/>\nLa palabra <em>\u201cLandmark\u201d<\/em> significa <strong>\u201chito\u201d<\/strong> en espa\u00f1ol, es decir, una l\u00ednea que establece un punto marcado del cual proceder. La palabra es traducida en la Reina-Valera como \u201cLindero\u201d o \u201ct\u00e9rmino\u201d, lo que en ingl\u00e9s siempre es <i>landmark<\/i>, en Proverbios 22:28. El t\u00e9rmino hace referencia a volver y establecerse en los fundamentos originales de la Escritura, que creemos han sido preservados por los <strong>Bautistas<\/strong> durante siglos.<\/p>\n<p><em><strong>\u00bfCu\u00e1les iglesias son de origen \u00abLandmark\u00bb en Costa Rica?<\/strong><\/em><br \/>\nLos Bautistas Landmark o Bautistas Hito\u00edstas de Costa Rica, venimos de la l\u00ednea de iglesias independientes, que no pertenecen a ning\u00fan Compa\u00f1erismo organizado, tal como el ABA o el Compa\u00f1erismo B\u00edblico Bautista, pero mantienen las mismas doctrinas <strong>Bautistas.<\/strong> Nuestra iglesia enviadora es la iglesia Bautista Landmark de Fort Worth, Texas, donde el pastor principal es el Dr. Jimmy Nelson.<\/p>\n<p><strong>En estos estudios aprenderemos a conocer nuestra l\u00ednea bautista, nuestras doctrinas y nuestro identidad.<\/strong><\/p>\n<p>El <i><u>Ministerio El Mensaje Bautista<\/u><\/i> (<b>EMB<\/b>), es un ministerio fundamentado en la Biblia, y por ello, es Bautista, porque es un ministerio af\u00edn a la fe y la pr\u00e1ctica de los principios doctrinales ense\u00f1ados en las Escrituras. Los miembros del <strong>EMB<\/strong> han aceptado libremente ser parte del misma, y profesan abiertamente que creen que la Escritura es un libro sobrenatural, no humano, sino divino, que nos ense\u00f1a y conduce a un Jes\u00fas 100% Dios y 100% hombre, perfecto en todas sus partes humanas, sin pecado, nacido por obra del Esp\u00edritu Santo al ser concebido en la virgen Mar\u00eda, el verdadero Mes\u00edas, el Cristo de Dios, que vivi\u00f3 perfectamente, sin pecado y que no pod\u00eda pecar, y que muri\u00f3 como sustituto por nuestros pecados, llevando sobre s\u00ed el castigo de nuestra paz, y por cuyas llagas hemos sido sanados del pecado. Que Cristo es el Hombre Perfecto que est\u00e1 sentado a la diestra de Dios. Que la salvaci\u00f3n es por gracia, por medio de los m\u00e9ritos del sacrificio de Cristo, que ofrecida a todos los hombres y que la Sangre de Cristo es suficiente para perdonar todos los pecados y transgresiones. Que el creyente una vez salvo es eternamente salvo, preservado por el poder de Dios y por la inmensa gracia.<\/p>\n<p>Es necesario que comprendamos la importancia de los<strong><em> Distintivos Bautistas Landmark<\/em><\/strong>, y podamos as\u00ed entender el concepto y la aplicaci\u00f3n dentro de nuestras iglesias. Por eso, antes de entrar en el detalle de los distintivos nuestros, queremos esclarecer algunos t\u00e9rminos y conceptos que empleamos a nivel de nuestras iglesias:<\/p>\n<ol>\n<li><span style=\"text-decoration: underline;\"><strong>La iglesia local solamente<\/strong><\/span>. Como se declara en su respectivo apartado, no creemos en la \u201cIglesia Universal\u201d, por ser un concepto heredado del catolicismo, y carente de respaldo en las Escrituras. Por eso, cuando se usa \u201cIglesia\u201d en singular y may\u00fascula, nos referimos a ella como \u201cinstitucionalidad\u201d y no como \u201ciglesia universal\u201d, m\u00edstica o invisible. Por eso, es importante que se lean los libros: \u201cLa Iglesia de Jesucristo\u201d y \u201cLos Compendios sobre la Iglesia\u201d, que es una colecci\u00f3n de libros que esclarecen ampliamente este tema.<\/li>\n<li><span style=\"text-decoration: underline;\"><strong>Las iglesias hermanas<\/strong><\/span>. No creemos que una iglesia tenga autoridad sobre otra, o que una iglesia administre los vienes que no le pertenecen. Por ello, hablamos de \u201ciglesias hermanas\u201d, y evitamos usar el t\u00e9rmino de \u201ciglesias asociadas\u201d, \u201ciglesias miembros\u201d o \u201ciglesia madre\u201d, porque cada iglesia es \u00fanica, independiente, soberana en sus asuntos y Cuerpo de Cristo.<\/li>\n<li><span style=\"text-decoration: underline;\"><strong>Una iglesia \u201cindependiente\u201d no es una iglesia aislada<\/strong><\/span>, sino que, como la familia, aunque son diferentes, mantienen el parentesco. Las iglesias bautistas Landmark mantienen relaci\u00f3n con otras iglesias de su misma fe y pr\u00e1ctica, y por tanto, son \u201cindependientes\u201d, pero no aisladas.<\/li>\n<li><span style=\"text-decoration: underline;\"><strong>Una iglesia es \u201csoberana en sus asuntos\u201d, pero no es soberana sobre la doctrina<\/strong><\/span>, sobre la autoridad o sobre el buen funcionamiento espiritual reflejado en las Escrituras. El diaconado no puede asumir una autoridad que solo es delegada en el pastor, y el pastor no puede asumir una autoridad que solamente es delegada en la iglesia, y la iglesia no puede asumir la responsabilidad que solo es delegada al pastor.<\/li>\n<li><span style=\"text-decoration: underline;\"><strong>Una iglesia es \u201ccuerpo de Cristo\u201d<\/strong><\/span>. No creemos en el Cuerpo de Cristo Universal, porque en las Escrituras el uso del t\u00e9rmino es <i>institucional<\/i> y, principalmente, local. Por tanto, preferimos usarlo solamente en su contexto local. Cada iglesia es \u201ccuerpo de Cristo\u201d.<\/li>\n<li><span style=\"text-decoration: underline;\"><strong>La \u201cCena del Se\u00f1or\u201d<\/strong><\/span>. No le llamamos \u201cSanta Cena\u201d ni \u201cSanta Comuni\u00f3n\u201d, usamos solamente los t\u00e9rminos b\u00edblicos: Cena del Se\u00f1or o La Cena. Creemos que es \u201ccerrada\u201d, exclusiva de los miembros de la iglesia local.<\/li>\n<li><span style=\"text-decoration: underline;\"><strong>El bautismo extra\u00f1o<\/strong><\/span>. No creemos en \u201crebautizar\u201d a las personas creyentes, pero afirmamos que cualquier bautismo \u201cextra\u00f1o\u201d es \u201cinv\u00e1lido\u201d, y por tanto, no es un bautismo b\u00edblico. Cuando una persona de una iglesia no bautista landmark se bautiza nuevamente, est\u00e1 practicando el \u00fanico y verdadero bautismo, porque los anteriores son inv\u00e1lidos. No aceptamos los bautismos de iglesias reformadas, protestantes, evang\u00e9licas pentecostales, o de iglesias bautistas que tienen pastoras o practican un bautismo no escritural.<\/li>\n<li><span style=\"text-decoration: underline;\"><strong>Las misiones<\/strong><\/span>. Creemos que todo trabajo evangelizador es \u201cmisi\u00f3n de la iglesia\u201d y parte de la Gran Comisi\u00f3n. El desarrollo misionero siempre ser\u00e1: Jerusal\u00e9n (\u00e1rea local de la iglesia), Judea (contornos del \u00e1rea local de la iglesia), Samaria (lugares marginales, aislados o no alcanzados dentro del pa\u00eds) y hasta lo \u00faltimo de la tierra. Por tanto, debe haber un equilibrio en cada \u00e1rea, sin descuidar ninguna de ellas.<\/li>\n<\/ol>\n<p>En estos distintivos Bautistas Landmark, plasmamos nuestra fe y nuestra pr\u00e1ctica, como iglesias compa\u00f1eras y hermanas.<\/p>\n<p>Aunque tenemos un librito que se llama \u201cLos Distintivos Bautistas\u201d, que aplica a todos los Bautistas, en este establecemos los \u201cDistintivos Bautistas Landmark\u201d, y nuestra fe en el Libro de Dios para siempre.<\/p>\n<p>Por tanto, el <b>EMB<\/b>, cree y proclama como su <b>Norma de Fe y Pr\u00e1ctica <\/b>las doctrinas b\u00edblicas expresadas en su<strong> Mensaje y Fe Bautistas<\/strong>.<\/p>\n<p>&nbsp;<\/p>\n","protected":false},"excerpt":{"rendered":"<p>\u00bfQui\u00e9nes son los \u00abBautistas Landmark\u00bb? Los Bautistas Landmark son un grupo de Bautistas que se separaron de la Convenci\u00f3n Bautista del Sur cuando \u00e9sta comenz\u00f3 a volverse liberal. El Dr. J. M. Carroll fue uno de los mayores promotores de este movimiento. Son Bautistas en esencia, y han preservado las doctrinas m\u00e1s antiguas de los [&hellip;]<\/p>\n","protected":false},"author":1,"featured_media":0,"parent":0,"menu_order":1,"comment_status":"closed","ping_status":"closed","template":"","meta":{"footnotes":""},"class_list":["post-36","page","type-page","status-publish","hentry"],"_links":{"self":[{"href":"https:\/\/elmensajebautista.com\/index.php?rest_route=\/wp\/v2\/pages\/36","targetHints":{"allow":["GET"]}}],"collection":[{"href":"https:\/\/elmensajebautista.com\/index.php?rest_route=\/wp\/v2\/pages"}],"about":[{"href":"https:\/\/elmensajebautista.com\/index.php?rest_route=\/wp\/v2\/types\/page"}],"author":[{"embeddable":true,"href":"https:\/\/elmensajebautista.com\/index.php?rest_route=\/wp\/v2\/users\/1"}],"replies":[{"embeddable":true,"href":"https:\/\/elmensajebautista.com\/index.php?rest_route=%2Fwp%2Fv2%2Fcomments&post=36"}],"version-history":[{"count":5,"href":"https:\/\/elmensajebautista.com\/index.php?rest_route=\/wp\/v2\/pages\/36\/revisions"}],"predecessor-version":[{"id":82,"href":"https:\/\/elmensajebautista.com\/index.php?rest_route=\/wp\/v2\/pages\/36\/revisions\/82"}],"wp:attachment":[{"href":"https:\/\/elmensajebautista.com\/index.php?rest_route=%2Fwp%2Fv2%2Fmedia&parent=36"}],"curies":[{"name":"wp","href":"https:\/\/api.w.org\/{rel}","templated":true}]}}