{"id":269,"date":"2024-10-23T05:44:40","date_gmt":"2024-10-23T05:44:40","guid":{"rendered":"https:\/\/elmensajebautista.com\/?page_id=269"},"modified":"2024-10-23T06:38:06","modified_gmt":"2024-10-23T06:38:06","slug":"el-servicio-segun-dios","status":"publish","type":"page","link":"https:\/\/elmensajebautista.com\/?page_id=269","title":{"rendered":"Doctrina Introductoria"},"content":{"rendered":"<h1 style=\"text-align: center;\">Principios Doctrinales\u00a0Del Nuevo Testamento<\/h1>\n<h3 style=\"text-align: center;\"><em>Un estudio a conciencia de las doctrinas b\u00e1sicas de la Fe y de los ministerios b\u00edblicos para servir al Se\u00f1or en las iglesias Bautistas Landmark.<\/em><\/h3>\n<p style=\"text-align: center;\">El Mensaje Bautista Landmark<\/p>\n<p style=\"text-align: center;\">2015, A\u00f1o del Se\u00f1or<\/p>\n<p><em>Ministerio de Plantaci\u00f3n de Iglesias El Mensaje Bautista,<\/em><\/p>\n<p><em>Iglesias Bautistas Landmark<\/em><\/p>\n<h1>Introducci\u00f3n<\/h1>\n<p>La formaci\u00f3n del que sirve al Se\u00f1or es fundamental si pensamos en preservar y propagar la verdad de Cristo. Por eso, este Curso tiene como finalidad los siguientes prop\u00f3sitos:<\/p>\n<ul>\n<li>Ense\u00f1ar a los nuevos creyentes b\u00e1sicamente en las Doctrinas B\u00edblicas, y motivarlos a prepararse mejor doctrinalmente.<\/li>\n<li>Ense\u00f1ar a los di\u00e1conos y l\u00edderes en el manejo de las Sanas Doctrinas Bautistas.<\/li>\n<li>Instruir a los di\u00e1conos y l\u00edderes en el Culto Bautista.<\/li>\n<\/ul>\n<p>Nuestro prop\u00f3sito es fortalecer en el conocimiento de la Palabra de Dios, gui\u00e1ndoles a un crecimiento personal con el Se\u00f1or y darles una capacitaci\u00f3n para que ense\u00f1en tambi\u00e9n a otros. Debemos tener una meta: <em>instruirnos en doctrina y pr\u00e1ctica<\/em> para poder tener la capacidad de guiar a otros y formarlos. Debemos tener un prop\u00f3sito: <em>desarrollar el servicio a Cristo mediante el ejercicio de los dones<\/em>, al motivarles a una vida consagrada, por medio de la oraci\u00f3n, la memorizaci\u00f3n b\u00edblica, la ofrenda, el testimonio, sus propias ideas, recogiendo las ofrendas, impartiendo clases, dirigiendo el culto, etc.<\/p>\n<p>Debemos ser pr\u00e1cticos en lo que aprendemos:<\/p>\n<ol>\n<li>Decidir creer en Cristo si a\u00fan hay dudas de la salvaci\u00f3n.<\/li>\n<li>Decidir aprender los nombres de cada libro de la Biblia.<\/li>\n<li>Decidir a memorizar cada vers\u00edculo designado.<\/li>\n<li>Decidir bautizarse correctamente si el bautismo fue err\u00f3neo.<\/li>\n<li>Decidir orar en voz alta cuando aprendemos los pasos de la oraci\u00f3n.<\/li>\n<\/ol>\n<p>Debemos ser pr\u00e1cticos en lo que creemos, y confiar plenamente en que las Escrituras son la verdad. Debemos memorizar usando mecanismo pr\u00e1cticos y debemos comprometernos a traer completo los trabajos designados para la semana.<\/p>\n<p>Las lecciones tendr\u00e1n la siguiente metodolog\u00eda (si es llevada sistem\u00e1ticamente en una iglesia):<\/p>\n<ol>\n<li>Durar\u00e1 una hora. La primera media hora es para aclarar las dudas e inquietudes surgidas en el estudio personal. La segunda media hora ser\u00e1 un complemento a lo aprendido con las notas.<\/li>\n<li>El curso durar\u00e1 13 semanas (1 Trimestre).<\/li>\n<li>Los que hayan completado el curso,recibir\u00e1n un certificado de aprobaci\u00f3n a quienes terminen satisfactoriamente el curso.<\/li>\n<\/ol>\n<h2>Deberes del disc\u00edpulo<\/h2>\n<ol>\n<li>Se usar\u00e1 el Nuevo Testamento que se le otorgue en la lecci\u00f3n primera.<\/li>\n<li>La Biblia completa siempre debe ser llevada a cada reuni\u00f3n.<\/li>\n<li>Cada lecci\u00f3n debe ser <strong>ESTUDIADA<\/strong> en casa antes de la lecci\u00f3n, leyendo cuidadosamente cada texto b\u00edblico.<\/li>\n<li>Se tendr\u00e1 un cuaderno de apuntes y oraci\u00f3n.<\/li>\n<li>Por cada lecci\u00f3n el alumno responder\u00e1 por escrito a tres preguntas:<\/li>\n<li>\u00bfQu\u00e9 me dice Dios a m\u00ed con este estudio?<\/li>\n<li>\u00bfC\u00f3mo puedo ponerlo en pr\u00e1ctica en mi iglesia?<\/li>\n<li>\u00bfEstoy dispuesto a servir en lo que Dios me ha puesto a hacer?<\/li>\n<\/ol>\n<h2>Primera Parte<\/h2>\n<p><a href=\"https:\/\/elmensajebautista.com\/?page_id=420\">Lecci\u00f3n 1: La Salvaci\u00f3n<\/a><\/p>\n<p><a href=\"https:\/\/elmensajebautista.com\/?page_id=424\">Lecci\u00f3n 2: La Oraci\u00f3n Cristiana<\/a><\/p>\n<p><a href=\"https:\/\/elmensajebautista.com\/?page_id=428\">Lecci\u00f3n 3: La Palabra de Dios<\/a><\/p>\n<p><a href=\"https:\/\/elmensajebautista.com\/?page_id=432\">Lecci\u00f3n 4: Dividiendo la Escritura<\/a><\/p>\n<p><a href=\"https:\/\/elmensajebautista.com\/?page_id=435\">Lecci\u00f3n 5: La Persona de Jesucristo<\/a><\/p>\n<p><a href=\"https:\/\/elmensajebautista.com\/?page_id=437\">Lecci\u00f3n 6: La Iglesia<\/a><\/p>\n<p><a href=\"https:\/\/elmensajebautista.com\/?page_id=439\">Lecci\u00f3n 7: El Prop\u00f3sito de la Iglesia<\/a><\/p>\n<p><a href=\"https:\/\/elmensajebautista.com\/?page_id=441\">Lecci\u00f3n 8: Las Ordenanzas: El Bautismo<\/a><\/p>\n<p><a href=\"https:\/\/elmensajebautista.com\/?page_id=443\">Lecci\u00f3n 9: Las Ordenanzas: La Cena del Se\u00f1or<\/a><\/p>\n<h2>Segunda Parte<\/h2>\n<p><a href=\"https:\/\/elmensajebautista.com\/?page_id=445\">Lecci\u00f3n 10: Definici\u00f3n de T\u00e9rminos<\/a><\/p>\n<p><a href=\"https:\/\/elmensajebautista.com\/?page_id=450\">Lecci\u00f3n 11: El Pastor<\/a><\/p>\n<p><a href=\"https:\/\/elmensajebautista.com\/?page_id=457\">Lecci\u00f3n 12: Los Di\u00e1conos<\/a><\/p>\n<p><a href=\"https:\/\/elmensajebautista.com\/?page_id=459\">Lecci\u00f3n 13: Los Grupos Directivos<\/a><\/p>\n<h2>Ap\u00e9ndices (solamente en la edici\u00f3n impresa)<\/h2>\n<p>Ap\u00e9ndice 1: Dispensacionalismo<\/p>\n<p>Ap\u00e9ndice 2: La Doctrina de la Iglesia<\/p>\n<p>Ap\u00e9ndice 3: Los Di\u00e1conos en 1\u00aa Timoteo<\/p>\n","protected":false},"excerpt":{"rendered":"<p>Principios Doctrinales\u00a0Del Nuevo Testamento Un estudio a conciencia de las doctrinas b\u00e1sicas de la Fe y de los ministerios b\u00edblicos para servir al Se\u00f1or en las iglesias Bautistas Landmark. El Mensaje Bautista Landmark 2015, A\u00f1o del Se\u00f1or Ministerio de Plantaci\u00f3n de Iglesias El Mensaje Bautista, Iglesias Bautistas Landmark Introducci\u00f3n La formaci\u00f3n del que sirve al [&hellip;]<\/p>\n","protected":false},"author":1,"featured_media":0,"parent":109,"menu_order":5,"comment_status":"closed","ping_status":"closed","template":"","meta":{"footnotes":""},"class_list":["post-269","page","type-page","status-publish","hentry"],"_links":{"self":[{"href":"https:\/\/elmensajebautista.com\/index.php?rest_route=\/wp\/v2\/pages\/269","targetHints":{"allow":["GET"]}}],"collection":[{"href":"https:\/\/elmensajebautista.com\/index.php?rest_route=\/wp\/v2\/pages"}],"about":[{"href":"https:\/\/elmensajebautista.com\/index.php?rest_route=\/wp\/v2\/types\/page"}],"author":[{"embeddable":true,"href":"https:\/\/elmensajebautista.com\/index.php?rest_route=\/wp\/v2\/users\/1"}],"replies":[{"embeddable":true,"href":"https:\/\/elmensajebautista.com\/index.php?rest_route=%2Fwp%2Fv2%2Fcomments&post=269"}],"version-history":[{"count":5,"href":"https:\/\/elmensajebautista.com\/index.php?rest_route=\/wp\/v2\/pages\/269\/revisions"}],"predecessor-version":[{"id":462,"href":"https:\/\/elmensajebautista.com\/index.php?rest_route=\/wp\/v2\/pages\/269\/revisions\/462"}],"up":[{"embeddable":true,"href":"https:\/\/elmensajebautista.com\/index.php?rest_route=\/wp\/v2\/pages\/109"}],"wp:attachment":[{"href":"https:\/\/elmensajebautista.com\/index.php?rest_route=%2Fwp%2Fv2%2Fmedia&parent=269"}],"curies":[{"name":"wp","href":"https:\/\/api.w.org\/{rel}","templated":true}]}}