{"id":165,"date":"2024-06-11T05:00:40","date_gmt":"2024-06-11T05:00:40","guid":{"rendered":"https:\/\/elmensajebautista.com\/?page_id=165"},"modified":"2024-06-11T23:42:38","modified_gmt":"2024-06-11T23:42:38","slug":"por-que-soy-bautista","status":"publish","type":"page","link":"https:\/\/elmensajebautista.com\/?page_id=165","title":{"rendered":"\u00bfPor qu\u00e9 Soy Bautista?"},"content":{"rendered":"<p>Tenemos que aclarar que el nombre <i><b>Bautista<\/b><\/i><b> <\/b>es una expresi\u00f3n clara de una <i>denominaci\u00f3n<\/i>. El t\u00e9rmino \u201cdenominaci\u00f3n\u201d viene de \u201cdenominar\u201d, y los Bautistas estamos denominados por la fe que practicamos. Creo que todo Bautista que ha cre\u00eddo en Jesucristo es Salvo eternamente, independientemente de su declaraci\u00f3n de fe. No todos creemos igual y diferimos en muchas cosas, pero estamos denominados como hijos de Dios solamente por la fe en \u00c9l.<\/p>\n<p>Es complicado aplicar un nombre a los redimidos de Cristo, debido a que los salvos solamente pertenecen a Jesucristo. Nadie se salva por ser Bautista, evang\u00e9lico o de cualquier otra denominaci\u00f3n. Pero nos vemos forzados a identificarnos con un t\u00e9rmino que identifique claramente una l\u00ednea de pensamiento teol\u00f3gico y un concepto en relaci\u00f3n a las Escrituras.<\/p>\n<p>Hemos tenido problemas con los nombres gen\u00e9ricos como \u201c<i>Iglesia Congregacional<\/i>\u201d, o \u201c<i>Iglesia Cristiana Reunida en el Nombre de Jes\u00fas<\/i>\u201d o \u201c<i>Iglesia de la Confraternidad<\/i>\u201d o \u201c<i>iglesia de Cristo<\/i>\u201d o similares, porque han surgido muchos grupos con nombres similares en pro de su propio beneficio, y la mayor\u00eda de ellos terminan vac\u00edos, aislados y errados, o son de movimientos seudo-evang\u00e9licos, como el carismatismo reformado o el pentecostalismo, de quienes nacieron las iglesias de dones y profec\u00edas que, regularmente, no se identifican con alg\u00fan t\u00e9rmino comprensible, o espec\u00edfico. No somos ignotos en cuanto a que los grupos <i>Bautistas<\/i> difieren unos de otros, y las divisiones dentro de los Bautistas no se dejan pasar desapercibidas. Incluso hay fuertes contiendas solamente por razones de la forma de bautismo (si es para ser miembro de una iglesia local o si es s\u00edmbolo del nuevo nacimiento). Pero tambi\u00e9n reconocemos que los grupos que han procurado ser identificados sin nombres, han ca\u00eddo en un fuerte sectarismo que los obliga a separarse de todas las dem\u00e1s iglesias, incluyendo en muchas ocasiones, a las propias de su l\u00ednea teol\u00f3gica.<\/p>\n<p>Luego de un intrincado an\u00e1lisis y una exhaustiva investigaci\u00f3n, es innegable que s\u00ed ha existido un nombre que ha identificado la fe por mucho tiempo. La misi\u00f3n m\u00e1s antigua de Costa Rica tuvo misioneros claramente definidos en su fe, siendo Bautistas, de quienes aprendimos mucha sana doctrina y lineamientos teol\u00f3gicos adecuados. La primera iglesia Bautista est\u00e1 en Lim\u00f3n, mucho antes de que CAM enviara misioneros al pa\u00eds. El mismo C. I. Scofield comenz\u00f3 CAM International gracias a su amistad y apoyo por parte de Hudson Tylor, el misionero Bautista.<\/p>\n<p>\u00bfPor qu\u00e9 los \u201c<i><b>Bautistas Landmark<\/b><\/i>\u201d seguimos usando <i>Bautistas<\/i> y no <i>solo Landmark<\/i>? Cuando se emplea el t\u00e9rmino <i>Bautista,<\/i> queremos relacionar el nombre con un estilo de vida bien determinado, por mucho tiempo identificado con claridad a trav\u00e9s de la historia; pero actualmente, el t\u00e9rmino \u201cBautista\u201d est\u00e1 siendo usado por personas sin la sana doctrina. La diferencia entre \u201cBautistas nominales\u201d y \u201cBautistas B\u00edblicos\u201d se identifica en que:<\/p>\n<ol>\n<li>Nos llamamos <i>Bautistas<\/i> porque como cristianos, nos identificamos con un grupo de personas redimidas que practican <b>una misma <\/b>doctrina, con un Mensaje y Fe Bautista, un Estatuto interno claramente definido y una congregaci\u00f3n local sin jerarqu\u00eda clerical.<\/li>\n<li>Nos llamamos <i>Bautistas<\/i> porque defendemos la iglesia local, su autonom\u00eda, y su soberan\u00eda en sus asuntos. Eso no pasa con los nombres gen\u00e9ricos, donde incluso los carism\u00e1ticos se sienten parte de las comunidades cristianas y tienen dominios sobre iglesias y cristianos.<\/li>\n<li>Nos llamamos <i>Bautistas, <\/i>porque nos identifica, con un adjetivo, el ser parte de la asamblea reunida en el Nombre de Jes\u00fas mediante el bautismo en agua por inmersi\u00f3n.<\/li>\n<li>Nos llamamos <i>Bautistas<\/i> porque practicamos el bautismo solamente a adultos convertidos, por medio de la inmersi\u00f3n simb\u00f3lica en agua, que identifica el nuevo nacimiento del hombre redimido. No se emplea <i>Bautista<\/i> en el sentido de que somos una l\u00ednea de creyentes mejores que otros, ni porque consideremos que la iglesia empez\u00f3 con Juan el Bautista.<\/li>\n<li>Nos llamamos <i>Bautistas<\/i> porque equivale a uno que <i>bautiza en agua<\/i> conforme a las Escrituras, y <i>discipula doctrinalmente<\/i> conforme a las Escrituras.<\/li>\n<li>Nos llamamos <i>Bautistas<\/i> porque es necesario que el creyente, convertido a Cristo, testifique p\u00fablicamente su arrepentimiento al pecado y su sometimiento a Cristo por medio del bautismo en agua, como testimonio de su conversi\u00f3n y nuevo nacimiento.<\/li>\n<li>Nos llamamos <i>Bautistas<\/i> porque creemos que el bautismo en el Esp\u00edritu Santo sucedi\u00f3 una sola vez en Pentecost\u00e9s, y que la recepci\u00f3n del Esp\u00edritu es para cada creyente uni\u00e9ndolo directa y eternamente con Cristo. No creemos que cada creyente es Bautizado por el Esp\u00edritu Santo, sino que es morado eternamente por el Esp\u00edritu del Se\u00f1or.<\/li>\n<li>Nos llamamos <i>Bautistas<\/i> porque creemos que el bautismo en agua es s\u00edmbolo externo del acto interno realizado por el Esp\u00edritu Santo, y que por ello, es un <i><b>\u00fanico bautismo<\/b><\/i> para toda la vida; por lo que todo creyente <i>bautizado<\/i> por una iglesia Bautista, fundamental y doctrinalmente correcta, ha cumplido con \u201ctoda justicia\u201d y no necesita ser bautizado nunca m\u00e1s.<\/li>\n<li>Nos llamamos <i>Bautistas <\/i>porque nos identificamos con Jes\u00fas al \u201ccumplir toda justicia\u201d, y somos fieles a sus mandatos, empezando con el bautismo en agua.<\/li>\n<li>Nos llamamos <i>Bautistas Landmark <\/i>o <i>Hito\u00edstas <\/i>o <i>Emblem\u00e1ticos<\/i>, porque creemos que Cristo es el Camino, y su Palabra la Verdad, por lo que seguimos su camino hasta el fin sin desviaci\u00f3n alguna, guardando los linderos antiguos.<\/li>\n<li>Aceptamos que no todos los que se llamen <i>Bautistas<\/i> son Bautistas de verdad, y por ello, nos apegamos al Mensaje y Fe Bautista que nos identifica doctrinal y vivencialmente.<\/li>\n<li>Landmark significa Lindero, L\u00edmite, Moj\u00f3n o Emblema. Una l\u00ednea que establece un punto de partida. En este caso, la Senda Antigua de Cristo.<\/li>\n<\/ol>\n<p>El t\u00e9rmino <b>\u201cBautista\u201d<\/b> es de origen tan divino como la Iglesia Bautista. Esta afirmaci\u00f3n ofende a muchos; pero ambos vienen del cielo, porque los dos provienen de Dios. Se dio el nombre a Juan, el precursor de Jes\u00fas en su nacimiento. Lo llamaron \u201cel Bautista\u201d por causa de su misi\u00f3n. Estos hechos est\u00e1n claramente explicados en las Escrituras, acerca de su nombre oficial \u201cEl Bautista\u201d. El nombre vino del cielo.<\/p>\n<p>Dios se lo dio, por causa del trabajo que le encomend\u00f3 hacer. Fue \u201cenviado de Dios\u201d (Juan 1:6). Dios lo llam\u00f3 \u201cEl Bautista\u201d antes que principiara a predicar (Mateo 3:1). No se le llam\u00f3 \u201cEl Bautista\u201d, porque bautizaba, puesto que el nombre se lo dio Dios antes de ir al Jord\u00e1n o que predicara o bautizara.<\/p>\n<p>Dios le dio el hombre, Dios Padre lo envi\u00f3 a predicar y a bautizar (Juan 1:33). Dios lo mand\u00f3 a bautizar solamente una clase de personas, es decir, los que se hicieron disc\u00edpulos (salvos) o cristianos antes del bautismo por medio del arrepentimiento de pecados y conversi\u00f3n (Juan 4:1). Es claro que los disc\u00edpulos de \u00e9l fueron salvos <i><b>antes<\/b><\/i> del bautismo porque insist\u00eda en los frutos de salvaci\u00f3n o \u201cfrutos dignos de arrepentimiento\u201d (Mateo 3:8). El hacha estaba puesta a la ra\u00edz del \u00e1rbol. Murieron a su vida vieja, antigua de pecado. Confesaron sus pecados (Mateo 3:6). Juan les ense\u00f1\u00f3 a creen en Jesucristo (Hechos 19:4) Recibieron a Jes\u00fas como el Cordero de Dios que quita el pecado del mundo. Esa era la fe en Cristo. El \u00e1rbol fue hecho bueno, o en otras palabras nacieron de arriba cuando recibieron a Cristo (Juan 1:11-12).<\/p>\n<p>Por tanto, teniendo un coraz\u00f3n nuevo, una vida nueva, dieron fruto. Lucas 3:8-14 dice cu\u00e1l era la clase de fruto que Juan demandaba antes de que fueran bautizados. En su serm\u00f3n inaugural (Mat. 6:8), explic\u00f3 plena y llanamente que s\u00f3lo quienes nacieran de nuevo y llevaran fruto recibir\u00edan su aprobaci\u00f3n para ser bautizados. Entendiendo ya el por qu\u00e9 del hombre que Dios le dio como precursor de Su Hijo que tendr\u00eda que preparar el material con el que Jes\u00fas organizar\u00eda su iglesia, procedemos a ver si la Biblia ofrece algunas razones para haber escogido tal hombre. El creyente ver\u00e1 que hay buen n\u00famero de ellas en la palabra infalible de Dios en cuanto a por qu\u00e9 Dios le llam\u00f3 Juan \u201cEl Bautista\u201d.<\/p>\n<p style=\"text-align: center;\"><a href=\"https:\/\/elmensajebautista.com\/?page_id=160\">\u21d0Acr\u00f3stico de los Distintivos<\/a>\u00a0 \u00a0 \u00a0 \u00a0 <a href=\"https:\/\/elmensajebautista.com\/?page_id=169\">El Nombre Bautista\u21d2<\/a><\/p>\n","protected":false},"excerpt":{"rendered":"<p>Tenemos que aclarar que el nombre Bautista es una expresi\u00f3n clara de una denominaci\u00f3n. El t\u00e9rmino \u201cdenominaci\u00f3n\u201d viene de \u201cdenominar\u201d, y los Bautistas estamos denominados por la fe que practicamos. Creo que todo Bautista que ha cre\u00eddo en Jesucristo es Salvo eternamente, independientemente de su declaraci\u00f3n de fe. No todos creemos igual y diferimos en [&hellip;]<\/p>\n","protected":false},"author":1,"featured_media":0,"parent":67,"menu_order":5,"comment_status":"closed","ping_status":"closed","template":"","meta":{"footnotes":""},"class_list":["post-165","page","type-page","status-publish","hentry"],"_links":{"self":[{"href":"https:\/\/elmensajebautista.com\/index.php?rest_route=\/wp\/v2\/pages\/165","targetHints":{"allow":["GET"]}}],"collection":[{"href":"https:\/\/elmensajebautista.com\/index.php?rest_route=\/wp\/v2\/pages"}],"about":[{"href":"https:\/\/elmensajebautista.com\/index.php?rest_route=\/wp\/v2\/types\/page"}],"author":[{"embeddable":true,"href":"https:\/\/elmensajebautista.com\/index.php?rest_route=\/wp\/v2\/users\/1"}],"replies":[{"embeddable":true,"href":"https:\/\/elmensajebautista.com\/index.php?rest_route=%2Fwp%2Fv2%2Fcomments&post=165"}],"version-history":[{"count":3,"href":"https:\/\/elmensajebautista.com\/index.php?rest_route=\/wp\/v2\/pages\/165\/revisions"}],"predecessor-version":[{"id":182,"href":"https:\/\/elmensajebautista.com\/index.php?rest_route=\/wp\/v2\/pages\/165\/revisions\/182"}],"up":[{"embeddable":true,"href":"https:\/\/elmensajebautista.com\/index.php?rest_route=\/wp\/v2\/pages\/67"}],"wp:attachment":[{"href":"https:\/\/elmensajebautista.com\/index.php?rest_route=%2Fwp%2Fv2%2Fmedia&parent=165"}],"curies":[{"name":"wp","href":"https:\/\/api.w.org\/{rel}","templated":true}]}}