{"id":160,"date":"2024-06-11T04:53:59","date_gmt":"2024-06-11T04:53:59","guid":{"rendered":"https:\/\/elmensajebautista.com\/?page_id=160"},"modified":"2024-06-11T23:39:38","modified_gmt":"2024-06-11T23:39:38","slug":"160-2","status":"publish","type":"page","link":"https:\/\/elmensajebautista.com\/?page_id=160","title":{"rendered":"Acr\u00f3stico de los Distintivos"},"content":{"rendered":"<h3><em><span style=\"color: #993300;\"><strong> <span class=\"fontstyle0\">\u00bfCu\u00e1les Son los Distintivos de los Bautistas?<\/span><\/strong><\/span><\/em><\/h3>\n<p><span class=\"fontstyle2\">\u00abLos bautistas mantienen las siguientes verdades y de esa manera se distinguen de otras iglesias. Muchos otros grupos tambi\u00e9n mantienen algunas de estas verdades, pero solamente los bautistas mantienen todas estas verdades. Un bautista no pretende ser el \u00fanico que mantiene alguna verdad pero es uno que\u00a0 sinceramente cree que la iglesia bautista es la iglesia local m\u00e1s cercana a la ense\u00f1anza b\u00edblica acerca de lo que una iglesia neotestamentaria debe creer y practicar. Los bautistas creen que la Biblia ense\u00f1a lo siguiente:<\/span><\/p>\n<p><span class=\"fontstyle2\"><img loading=\"lazy\" decoding=\"async\" class=\"wp-image-163 aligncenter\" src=\"https:\/\/elmensajebautista.com\/wp-content\/uploads\/2024\/06\/Distintivos-Bautistas-300x181.png\" alt=\"\" width=\"529\" height=\"319\" srcset=\"https:\/\/elmensajebautista.com\/wp-content\/uploads\/2024\/06\/Distintivos-Bautistas-300x181.png 300w, https:\/\/elmensajebautista.com\/wp-content\/uploads\/2024\/06\/Distintivos-Bautistas.png 728w\" sizes=\"auto, (max-width: 529px) 100vw, 529px\" \/><\/span><\/p>\n<p><span class=\"fontstyle2\">(L. Duane Brown, <\/span><span class=\"fontstyle3\">La Base B\u00edblica de los Bautistas<\/span><span class=\"fontstyle2\">, pp.5-6)<\/span><\/p>\n<p style=\"text-align: center;\"><a href=\"https:\/\/elmensajebautista.com\/?page_id=157\">\u21d0Resurgimiento de los Bautistas<\/a>\u00a0 \u00a0 \u00a0 \u00a0 <a href=\"https:\/\/elmensajebautista.com\/?page_id=165\">\u00bfPor qu\u00e9 Soy Bautista?\u21d2<\/a><\/p>\n","protected":false},"excerpt":{"rendered":"<p>\u00bfCu\u00e1les Son los Distintivos de los Bautistas? \u00abLos bautistas mantienen las siguientes verdades y de esa manera se distinguen de otras iglesias. Muchos otros grupos tambi\u00e9n mantienen algunas de estas verdades, pero solamente los bautistas mantienen todas estas verdades. Un bautista no pretende ser el \u00fanico que mantiene alguna verdad pero es uno que\u00a0 sinceramente [&hellip;]<\/p>\n","protected":false},"author":1,"featured_media":0,"parent":67,"menu_order":4,"comment_status":"closed","ping_status":"closed","template":"","meta":{"footnotes":""},"class_list":["post-160","page","type-page","status-publish","hentry"],"_links":{"self":[{"href":"https:\/\/elmensajebautista.com\/index.php?rest_route=\/wp\/v2\/pages\/160","targetHints":{"allow":["GET"]}}],"collection":[{"href":"https:\/\/elmensajebautista.com\/index.php?rest_route=\/wp\/v2\/pages"}],"about":[{"href":"https:\/\/elmensajebautista.com\/index.php?rest_route=\/wp\/v2\/types\/page"}],"author":[{"embeddable":true,"href":"https:\/\/elmensajebautista.com\/index.php?rest_route=\/wp\/v2\/users\/1"}],"replies":[{"embeddable":true,"href":"https:\/\/elmensajebautista.com\/index.php?rest_route=%2Fwp%2Fv2%2Fcomments&post=160"}],"version-history":[{"count":4,"href":"https:\/\/elmensajebautista.com\/index.php?rest_route=\/wp\/v2\/pages\/160\/revisions"}],"predecessor-version":[{"id":180,"href":"https:\/\/elmensajebautista.com\/index.php?rest_route=\/wp\/v2\/pages\/160\/revisions\/180"}],"up":[{"embeddable":true,"href":"https:\/\/elmensajebautista.com\/index.php?rest_route=\/wp\/v2\/pages\/67"}],"wp:attachment":[{"href":"https:\/\/elmensajebautista.com\/index.php?rest_route=%2Fwp%2Fv2%2Fmedia&parent=160"}],"curies":[{"name":"wp","href":"https:\/\/api.w.org\/{rel}","templated":true}]}}