{"id":109,"date":"2024-06-21T14:59:28","date_gmt":"2024-06-21T14:59:28","guid":{"rendered":"https:\/\/elmensajebautista.com\/?page_id=109"},"modified":"2024-07-22T04:54:13","modified_gmt":"2024-07-22T04:54:13","slug":"recursos-disponibles","status":"publish","type":"page","link":"https:\/\/elmensajebautista.com\/?page_id=109","title":{"rendered":"Recursos Disponibles"},"content":{"rendered":"<p>Le ofrecemos recursos gratuitos para el uso en las iglesias. Estos recursos le ayudar\u00e1n en la obra del Evangelio de Cristo.<\/p>\n<ol>\n<li><a href=\"https:\/\/elmensajebautista.com\/?page_id=219\">Tratados<\/a><\/li>\n<li><a href=\"https:\/\/elmensajebautista.com\/?page_id=273\">Bosquejos de Estudios<\/a><\/li>\n<li><a href=\"https:\/\/elmensajebautista.com\/?page_id=308\">Interpretaci\u00f3n B\u00edblica<\/a><\/li>\n<li><a href=\"https:\/\/elmensajebautista.com\/?page_id=364\">Ayudas para la Administraci\u00f3n de la iglesia<\/a><\/li>\n<\/ol>\n","protected":false},"excerpt":{"rendered":"<p>Le ofrecemos recursos gratuitos para el uso en las iglesias. Estos recursos le ayudar\u00e1n en la obra del Evangelio de Cristo. Tratados Bosquejos de Estudios Interpretaci\u00f3n B\u00edblica Ayudas para la Administraci\u00f3n de la iglesia<\/p>\n","protected":false},"author":1,"featured_media":0,"parent":0,"menu_order":4,"comment_status":"closed","ping_status":"closed","template":"","meta":{"footnotes":""},"class_list":["post-109","page","type-page","status-publish","hentry"],"_links":{"self":[{"href":"https:\/\/elmensajebautista.com\/index.php?rest_route=\/wp\/v2\/pages\/109","targetHints":{"allow":["GET"]}}],"collection":[{"href":"https:\/\/elmensajebautista.com\/index.php?rest_route=\/wp\/v2\/pages"}],"about":[{"href":"https:\/\/elmensajebautista.com\/index.php?rest_route=\/wp\/v2\/types\/page"}],"author":[{"embeddable":true,"href":"https:\/\/elmensajebautista.com\/index.php?rest_route=\/wp\/v2\/users\/1"}],"replies":[{"embeddable":true,"href":"https:\/\/elmensajebautista.com\/index.php?rest_route=%2Fwp%2Fv2%2Fcomments&post=109"}],"version-history":[{"count":6,"href":"https:\/\/elmensajebautista.com\/index.php?rest_route=\/wp\/v2\/pages\/109\/revisions"}],"predecessor-version":[{"id":368,"href":"https:\/\/elmensajebautista.com\/index.php?rest_route=\/wp\/v2\/pages\/109\/revisions\/368"}],"wp:attachment":[{"href":"https:\/\/elmensajebautista.com\/index.php?rest_route=%2Fwp%2Fv2%2Fmedia&parent=109"}],"curies":[{"name":"wp","href":"https:\/\/api.w.org\/{rel}","templated":true}]}}